{"id":655,"date":"2024-02-26T17:54:13","date_gmt":"2024-02-26T17:54:13","guid":{"rendered":"https:\/\/aturena.com\/?page_id=655"},"modified":"2024-10-14T18:13:14","modified_gmt":"2024-10-14T18:13:14","slug":"chirripo-ruta-san-jeronimo-sabana-de-los-leones","status":"publish","type":"page","link":"https:\/\/aturena.com\/index.php\/chirripo-ruta-san-jeronimo-sabana-de-los-leones\/","title":{"rendered":"Chirrip\u00f3 Sector San Jer\u00f3nimo"},"content":{"rendered":"<p style=\"text-align: left;\"><strong>PARQUE NACIONAL CHIRRIP\u00d3<\/strong><\/p>\n<p style=\"text-align: left;\"><strong>SECTOR SAN JER\u00d3NIMO-SABANA DE LOS LEONES<\/strong><\/p>\n<p style=\"text-align: left;\">El viaje tradicional de <strong>4 D\u00cdAS y 3 NOCHES<\/strong> al <strong>CHIRRIP\u00d3<\/strong> por la ruta <strong>San Jer\u00f3nimo<\/strong> es una experiencia diferente, las vistas son espectaculares y se pasa por la <strong>Sabana Leones<\/strong>, la ruta es similar en tiempo y distancia a la ruta tradicional por <strong>San Gerardo de Rivas<\/strong>.<\/p>\n<p style=\"text-align: left;\">Le recomendamos llegar el <strong>PRIMER D\u00cdA<\/strong> al pueblo de <strong>San Jer\u00f3nimo<\/strong>, registrarse en <strong>ATURENA<\/strong> antes de las <strong>3:30 pm<\/strong>, cenar una nutritiva comida y hospedarse en una acogedora caba\u00f1a de monta\u00f1a.<\/p>\n<p style=\"text-align: left;\"><strong>El SEGUNDO D\u00cdA<\/strong> amanezca caminando por el sendero hacia el <strong>Albergue Base Crestones<\/strong> pasando por <strong>Sabana Leones<\/strong>, por la tarde, luego de instalarse y almorzar en el <strong>Albergue<\/strong>, podr\u00e1 visitar alg\u00fan atractivo del parque.<\/p>\n<p style=\"text-align: left;\">\u00a0<strong>El TERCER D\u00cdA <\/strong>se conquista la <strong>CIMA DEL CHIRRIP\u00d3<\/strong> y se visitan otros atractivos del parque.<\/p>\n<p style=\"text-align: left;\">\u00a0<strong>El CUARTO y \u00daLTIMO D\u00cdA<\/strong>, se desciende al pueblo de <strong>San Jer\u00f3nimo<\/strong> donde disfrutar\u00e1 de un delicioso almuerzo para un retorno a casa con la satisfacci\u00f3n de haber vivido una experiencia extraordinaria.<\/p>\n<p style=\"text-align: left;\"><strong>PAQUETE COMPLETO\u00a0 \u00a0&#8211;\u00a0 \u00a0ITINERARIO<\/strong><\/p>\n<p style=\"text-align: left;\"><strong>4 D\u00cdAS Y 3 NOCHES <\/strong>(3 d\u00edas-2 noches en Chirrip\u00f3 y una noche en San Jer\u00f3nimo)<sub>. <strong><u>TODO INCLUIDO<\/u><\/strong><\/sub><\/p>\n<p>&nbsp;<\/p>\n<table style=\"height: 2013px;\" width=\"731\">\n<tbody>\n<tr>\n<td style=\"text-align: center;\" width=\"32\"><strong>D\u00cdA<\/strong><\/td>\n<td style=\"text-align: center;\" width=\"493\"><strong>ACTIVIDAD<\/strong><\/td>\n<td style=\"text-align: center;\" width=\"188\"><strong>INCLUYE<\/strong><\/td>\n<\/tr>\n<tr>\n<td width=\"32\"><strong>1<\/strong><\/td>\n<td width=\"493\">Registro de ingreso al PNCH en ATURENA antes de las 3:30 pm (c\u00f3digo QR el registro es individual) y entrega de maletas en caso de usar el porteo.<\/td>\n<td style=\"text-align: center;\" width=\"188\"><strong>REGISTRO PNCH<\/strong><\/td>\n<\/tr>\n<tr>\n<td width=\"32\"><strong>1<\/strong><\/td>\n<td width=\"493\">Cena de llegada en San Jer\u00f3nimo.<\/td>\n<td style=\"text-align: center;\" width=\"188\"><strong>CENA S.JER\u00d3NIMO<\/strong><\/td>\n<\/tr>\n<tr>\n<td width=\"32\"><strong>1<\/strong><\/td>\n<td width=\"493\">Hospedaje primera noche en caba\u00f1a de San Jer\u00f3nimo o Zapotal de San Pedro, P\u00e9rez Zeled\u00f3n, incluye parqueo.<\/td>\n<td style=\"text-align: center;\" width=\"188\"><strong>HOSPEDAJE EN SAN JER\u00d3NIMO<\/strong><\/td>\n<\/tr>\n<tr>\n<td width=\"32\"><strong>2<\/strong><\/td>\n<td width=\"493\">Desayuno antes de iniciar el ascenso o desayuno para llevar.<\/td>\n<td style=\"text-align: center;\" width=\"188\"><strong>DESAYUNO SAN JER\u00d3NIMO<\/strong><\/td>\n<\/tr>\n<tr>\n<td width=\"32\"><strong>2<\/strong><\/td>\n<td width=\"493\">Transporte 4&#215;4 desde el hospedaje o la oficina de ATURENA en San Jer\u00f3nimo hasta el inicio del sendero, distancia aproximada de<strong> 5 kil\u00f3metros<\/strong>. Se puede caminar, utilizar veh\u00edculo 4&#215;4 propio o contratar un transporte local.<\/td>\n<td width=\"188\"><strong>\u00a0<\/strong><\/p>\n<p style=\"text-align: center;\"><strong>TRANSPORTE 4X4<\/strong><\/p>\n<\/td>\n<\/tr>\n<tr>\n<td width=\"32\"><strong>2<\/strong><\/td>\n<td width=\"493\">Entrada al Parque Nacional Chirrip\u00f3 por tres d\u00edas.<\/td>\n<td style=\"text-align: center;\" width=\"188\"><strong>ENTRADAS PNCH<\/strong><\/td>\n<\/tr>\n<tr>\n<td width=\"32\"><strong>2<\/strong><\/td>\n<td width=\"493\">Gu\u00eda especializado en el recorrido que le estar\u00e1 acompa\u00f1ando durante los tres d\u00edas de gira (seg\u00fan permiso de uso San Jer\u00f3nimo &#8211; Sabana de los Leones &#8211; Chirrip\u00f3, <strong>el acompa\u00f1amiento del gu\u00eda es obligatorio)<\/strong><\/td>\n<td style=\"text-align: center;\" width=\"188\"><strong>GU\u00cdA ATURENA<\/strong><\/td>\n<\/tr>\n<tr>\n<td width=\"32\"><strong>2<\/strong><\/td>\n<td width=\"493\">Almuerzo al llegar al albergue Base Crestones<\/td>\n<td style=\"text-align: center;\" width=\"188\"><strong>ALMUERZO PNCH<\/strong><\/td>\n<\/tr>\n<tr>\n<td width=\"32\"><strong>2<\/strong><\/td>\n<td width=\"493\">Cena en albergue Base Crestones<\/td>\n<td style=\"text-align: center;\" width=\"188\"><strong>CENA PNCH<\/strong><\/td>\n<\/tr>\n<tr>\n<td width=\"32\"><strong>2<\/strong><\/td>\n<td width=\"493\">Primera noche de hospedaje en el albergue Base Crestones<\/td>\n<td style=\"text-align: center;\" width=\"188\"><strong>HOSPEDAJE PNCH<\/strong><\/td>\n<\/tr>\n<tr>\n<td width=\"32\"><strong>3<\/strong><\/td>\n<td width=\"493\">Desayuno en albergue Base Crestones<\/td>\n<td style=\"text-align: center;\" width=\"188\"><strong>DESAYUNO PNCH<\/strong><\/td>\n<\/tr>\n<tr>\n<td width=\"32\"><strong>3<\/strong><\/td>\n<td width=\"493\">Cima del Chirrip\u00f3 y alg\u00fan otro recorrido que el grupo seleccione, <strong>(el gu\u00eda los acompa\u00f1a en la parte alta si el grupo est\u00e1 de acuerdo).<\/strong><\/td>\n<td width=\"188\">\n<p style=\"text-align: center;\">GU\u00cdA ATURENA<\/p>\n<p style=\"text-align: center;\"><strong>CIMA DEL CHIRRIP\u00d3<\/strong><\/p>\n<\/td>\n<\/tr>\n<tr>\n<td width=\"32\"><strong>3<\/strong><\/td>\n<td width=\"493\">Almuerzo en albergue Base Crestones<\/td>\n<td style=\"text-align: center;\" width=\"188\"><strong>ALMUERZO PNCH<\/strong><\/td>\n<\/tr>\n<tr>\n<td width=\"32\"><strong>3<\/strong><\/td>\n<td width=\"493\">Cena en albergue Base Crestones<\/td>\n<td style=\"text-align: center;\" width=\"188\"><strong>CENA PNCH<\/strong><\/td>\n<\/tr>\n<tr>\n<td width=\"32\"><strong>3<\/strong><\/td>\n<td width=\"493\">Segunda noche de hospedaje en albergue Base Crestones<\/td>\n<td style=\"text-align: center;\" width=\"188\"><strong>HOSPEDAJE PNCH<\/strong><\/td>\n<\/tr>\n<tr>\n<td width=\"32\"><strong>4<\/strong><\/td>\n<td width=\"493\">Desayuno en albergue Base Crestones<\/td>\n<td style=\"text-align: center;\" width=\"188\"><strong>DESAYUNO PNCH<\/strong><\/td>\n<\/tr>\n<tr>\n<td width=\"32\"><strong>\u00a04<\/strong><\/td>\n<td width=\"493\">Gu\u00eda para acompa\u00f1ar el descenso hacia San Jer\u00f3nimo<\/td>\n<td style=\"text-align: center;\" width=\"188\"><strong>GU\u00cdA ATURENA<\/strong><\/td>\n<\/tr>\n<tr>\n<td width=\"32\"><strong>4<\/strong><\/td>\n<td width=\"493\">Transporte 4&#215;4 desde el final del sendero al hospedaje o la oficina de<\/p>\n<p>ATURENA en San Jer\u00f3nimo, distancia aproximada de<strong> 5 kil\u00f3metros<\/strong>. Se puede caminar, utilizar veh\u00edculo 4&#215;4 propio o contratar un transporte local<\/td>\n<td width=\"188\"><strong>\u00a0<\/strong><\/p>\n<p style=\"text-align: center;\"><strong>TRANSPORTE 4X4<\/strong><\/p>\n<\/td>\n<\/tr>\n<tr>\n<td width=\"32\"><strong>4<\/strong><\/td>\n<td width=\"493\">Almuerzo de llegada a San Jer\u00f3nimo en el lugar de hospedaje de la primera noche en caba\u00f1a de San Jer\u00f3nimo o Zapotal de San Pedro, P\u00e9rez Zeled\u00f3n<\/td>\n<td style=\"text-align: center;\" width=\"188\"><strong>ALMUERZO S.JER\u00d3NIMO<\/strong><\/td>\n<\/tr>\n<\/tbody>\n<\/table>\n<p style=\"text-align: left;\"><strong>PAQUETE PARCIAL\u00a0 \u00a0&#8211;\u00a0 \u00a0 ITINERARIO<\/strong><\/p>\n<p style=\"text-align: left;\"><strong>4 D\u00cdAS Y 3 NOCHES<\/strong> (3 d\u00edas-2 noches en Chirrip\u00f3 y una noche en San Jer\u00f3nimo), cliente reserva entradas con SINAC paga hospedaje y alimentaci\u00f3n en Base Crestones.<\/p>\n<p>&nbsp;<\/p>\n<table width=\"689\">\n<tbody>\n<tr>\n<td style=\"text-align: center;\" width=\"31\"><strong>D\u00cdA<\/strong><\/td>\n<td style=\"text-align: center;\" width=\"476\"><strong>\u00a0 \u00a0ACTIVIDAD<\/strong><\/td>\n<td style=\"text-align: center;\" width=\"181\"><strong>INCLUYE<\/strong><\/td>\n<\/tr>\n<tr>\n<td width=\"31\"><strong>1<\/strong><\/td>\n<td width=\"476\">Registro de ingreso al PNCH en ATURENA antes de las 3:30 pm (c\u00f3digo QR el registro es individual) y entrega de maletas en caso de usar el porteo.<\/td>\n<td style=\"text-align: center;\" width=\"181\"><strong>REGISTRO PNCH<\/strong><\/td>\n<\/tr>\n<tr>\n<td width=\"31\"><strong>1<\/strong><\/td>\n<td width=\"476\">Cena de llegada en San Jer\u00f3nimo<\/td>\n<td style=\"text-align: center;\" width=\"181\"><strong>CENA S.JER\u00d3NIMO<\/strong><\/td>\n<\/tr>\n<tr>\n<td width=\"31\"><strong>1<\/strong><\/td>\n<td width=\"476\">Hospedaje primera noche en caba\u00f1a de San Jer\u00f3nimo o Zapotal de San Pedro, P\u00e9rez Zeled\u00f3n, incluye parqueo.<\/td>\n<td style=\"text-align: center;\" width=\"181\"><strong>HOSPEDAJE S.JER\u00d3NIMO<\/strong><\/td>\n<\/tr>\n<tr>\n<td width=\"31\"><strong>2<\/strong><\/td>\n<td width=\"476\">Desayuno antes de iniciar el ascenso o desayuno para llevar (opci\u00f3n)<\/td>\n<td style=\"text-align: center;\" width=\"181\"><strong>DESAYUNO S.JER\u00d3NIMO<\/strong><\/td>\n<\/tr>\n<tr>\n<td width=\"31\"><strong>2<\/strong><\/td>\n<td width=\"476\">Transporte desde el hospedaje o la oficina de ATURENA en San Jer\u00f3nimo hasta el km 0 de Chirrip\u00f3, distancia aproximada de 5 kil\u00f3metros.<\/td>\n<td width=\"181\"><strong>\u00a0<\/strong><\/p>\n<p style=\"text-align: center;\"><strong>TRANSPORTE 4X4<\/strong><\/p>\n<\/td>\n<\/tr>\n<tr>\n<td width=\"31\"><strong>2<\/strong><\/td>\n<td width=\"476\">Gu\u00eda especializado en el recorrido que le estar\u00e1 acompa\u00f1ando durante los tres d\u00edas de gira (seg\u00fan permiso de uso San Jer\u00f3nimo &#8211; Sabana de los Leones, el acompa\u00f1amiento del gu\u00eda es de uso obligatorio)<\/td>\n<td style=\"text-align: center;\" width=\"181\"><strong>GU\u00cdA ATURENA<\/strong><\/td>\n<\/tr>\n<tr>\n<td width=\"31\"><strong>3<\/strong><\/td>\n<td width=\"476\">Gu\u00eda para el recorrido de visita a la cima del Chirrip\u00f3 y alg\u00fan otro recorrido que el grupo seleccione<\/td>\n<td width=\"181\">\n<p style=\"text-align: center;\"><strong>GU\u00cdA ATURENA<\/strong><\/p>\n<p style=\"text-align: center;\"><strong>CIMA DEL CHIRRIP\u00d3<\/strong><\/p>\n<\/td>\n<\/tr>\n<tr>\n<td width=\"31\"><strong>4<\/strong><\/td>\n<td width=\"476\">Gu\u00eda especializado para acompa\u00f1ar el descenso hacia San Jer\u00f3nimo<\/td>\n<td style=\"text-align: center;\" width=\"181\"><strong>GU\u00cdA ATURENA<\/strong><\/td>\n<\/tr>\n<tr>\n<td width=\"31\"><strong>4<\/strong><\/td>\n<td width=\"476\">Transporte desde el km 0 Chirrip\u00f3 al hospedaje o la oficina de<\/p>\n<p>ATURENA en San Jer\u00f3nimo, distancia aproximada de<strong> 5 kil\u00f3metros<\/strong>.<\/td>\n<td width=\"181\"><strong>\u00a0<\/strong><\/p>\n<p style=\"text-align: center;\"><strong>TRANSPORTE 4X4<\/strong><\/p>\n<\/td>\n<\/tr>\n<tr>\n<td width=\"31\"><strong>4<\/strong><\/td>\n<td width=\"476\">Almuerzo de llegada a San Jer\u00f3nimo en el lugar de hospedaje de la primera noche en caba\u00f1a de San Jer\u00f3nimo o Zapotal de San Pedro, P\u00e9rez Zeled\u00f3n<\/td>\n<td style=\"text-align: center;\" width=\"181\"><strong>ALMUERZO S.JER\u00d3NIMO<\/strong><\/td>\n<\/tr>\n<\/tbody>\n<\/table>\n<p>&nbsp;<\/p>\n<p style=\"text-align: center;\"><strong><em>\u00a0 \u00a0 \u00a0 \u00a0 \u00a0 \u00a0*NO INCLUYE TRANSPORTE DESDE NINGUNA PARTE DEL PA\u00cdS*<\/em><\/strong><\/p>\n<p style=\"text-align: center;\"><span class=\"x19la9d6 x1fc57z9 x6ikm8r x10wlt62 x19co3pv x1g5zs5t xfibh0p xiy17q3 x1xsqp64 x1lkfr7t xexx8yu x4uap5 x18d9i69 xkhd6sd\"><span class=\"xrtxmta x1bhl96m\">Tel\u00e9fono:\u00a0 <\/span><\/span><strong>8374-3443<\/strong><\/p>\n<p style=\"text-align: center;\"><span class=\"x19la9d6 x1fc57z9 x6ikm8r x10wlt62 x19co3pv x1g5zs5t xfibh0p xiy17q3 x1xsqp64 x1lkfr7t xexx8yu x4uap5 x18d9i69 xkhd6sd\"><span class=\"xrtxmta x1bhl96m\">\u00a0 \u00a0 \u00a0 \u00a0 \u00a0 \u00a0Correo: <\/span><\/span><strong>infoaturena@gmail.com<\/strong><\/p>\n<p>&nbsp;<\/p>\n<p>&nbsp;<\/p>\n<p>&nbsp;<\/p>\n","protected":false},"excerpt":{"rendered":"<p>PARQUE NACIONAL CHIRRIP\u00d3 SECTOR SAN JER\u00d3NIMO-SABANA DE LOS LEONES El viaje tradicional de 4 D\u00cdAS y 3 NOCHES al CHIRRIP\u00d3 por la ruta San Jer\u00f3nimo es una experiencia diferente, las vistas son espectaculares y se pasa por la Sabana Leones, la ruta es similar en tiempo y distancia a la ruta tradicional por San Gerardo [&hellip;]<\/p>\n","protected":false},"author":2,"featured_media":0,"parent":0,"menu_order":0,"comment_status":"closed","ping_status":"closed","template":"","meta":{"two_page_speed":[],"footnotes":""},"class_list":["post-655","page","type-page","status-publish","hentry"],"_links":{"self":[{"href":"https:\/\/aturena.com\/index.php\/wp-json\/wp\/v2\/pages\/655","targetHints":{"allow":["GET"]}}],"collection":[{"href":"https:\/\/aturena.com\/index.php\/wp-json\/wp\/v2\/pages"}],"about":[{"href":"https:\/\/aturena.com\/index.php\/wp-json\/wp\/v2\/types\/page"}],"author":[{"embeddable":true,"href":"https:\/\/aturena.com\/index.php\/wp-json\/wp\/v2\/users\/2"}],"replies":[{"embeddable":true,"href":"https:\/\/aturena.com\/index.php\/wp-json\/wp\/v2\/comments?post=655"}],"version-history":[{"count":11,"href":"https:\/\/aturena.com\/index.php\/wp-json\/wp\/v2\/pages\/655\/revisions"}],"predecessor-version":[{"id":821,"href":"https:\/\/aturena.com\/index.php\/wp-json\/wp\/v2\/pages\/655\/revisions\/821"}],"wp:attachment":[{"href":"https:\/\/aturena.com\/index.php\/wp-json\/wp\/v2\/media?parent=655"}],"curies":[{"name":"wp","href":"https:\/\/api.w.org\/{rel}","templated":true}]}}