{"id":497,"date":"2024-02-14T13:57:43","date_gmt":"2024-02-14T13:57:43","guid":{"rendered":"https:\/\/aturena.com\/?page_id=497"},"modified":"2024-02-20T19:33:27","modified_gmt":"2024-02-20T19:33:27","slug":"cabanas-eugenio-quiros","status":"publish","type":"page","link":"https:\/\/aturena.com\/index.php\/cabanas-eugenio-quiros\/","title":{"rendered":"Caba\u00f1as Eugenio Quir\u00f3s"},"content":{"rendered":"<p><img loading=\"lazy\" decoding=\"async\" class=\"x1b0d499 xuo83w3\" src=\"https:\/\/static.xx.fbcdn.net\/rsrc.php\/v3\/y4\/r\/HNzy6p26p_d.png\" alt=\"\" width=\"24\" height=\"24\" \/> San Jer\u00f3nimo de San Pedro P\u00e9rez Zeled\u00f3n, 250 metros norte de las oficinas de ATURENA.<\/p>\n<p><strong><span class=\"fe5nidar khvhiq1o r5qsrrlp i5tg98hk f9ovudaz przvwfww gx1rr48f gfz4du6o r7fjleex nz2484kf svot0ezm dcnh1tix sxl192xd t3g6t33p\"><span class=\"mpj7bzys xzlurrtv\">\ud83c\udfe1<\/span><\/span>Caba\u00f1a\u00a0<\/strong><\/p>\n<p><strong><span class=\"fe5nidar khvhiq1o r5qsrrlp i5tg98hk f9ovudaz przvwfww gx1rr48f gfz4du6o r7fjleex nz2484kf svot0ezm dcnh1tix sxl192xd t3g6t33p\"><span class=\"mpj7bzys xzlurrtv\">\ud83d\udccd1 <\/span><\/span><\/strong>cama matrimonial<\/p>\n<p><strong><span class=\"fe5nidar khvhiq1o r5qsrrlp i5tg98hk f9ovudaz przvwfww gx1rr48f gfz4du6o r7fjleex nz2484kf svot0ezm dcnh1tix sxl192xd t3g6t33p\"><span class=\"mpj7bzys xzlurrtv\">\ud83d\udccd<\/span><\/span><\/strong><span class=\"fe5nidar khvhiq1o r5qsrrlp i5tg98hk f9ovudaz przvwfww gx1rr48f gfz4du6o r7fjleex nz2484kf svot0ezm dcnh1tix sxl192xd t3g6t33p\"><span class=\"mpj7bzys xzlurrtv\"><strong>1<\/strong> <\/span><\/span><span class=\"fe5nidar khvhiq1o r5qsrrlp i5tg98hk f9ovudaz przvwfww gx1rr48f gfz4du6o r7fjleex nz2484kf svot0ezm dcnh1tix sxl192xd t3g6t33p\"><span class=\"mpj7bzys xzlurrtv\">Camarote<\/span><\/span><\/p>\n<p><strong><span class=\"fe5nidar khvhiq1o r5qsrrlp i5tg98hk f9ovudaz przvwfww gx1rr48f gfz4du6o r7fjleex nz2484kf svot0ezm dcnh1tix sxl192xd t3g6t33p\"><span class=\"mpj7bzys xzlurrtv\">\ud83c\udfe1<\/span><\/span>Servicios<\/strong><\/p>\n<ul>\n<li>Internet<\/li>\n<li>Ducha.<\/li>\n<\/ul>\n<p><strong style=\"font-size: 1rem;\"><span class=\"fe5nidar khvhiq1o r5qsrrlp i5tg98hk f9ovudaz przvwfww gx1rr48f gfz4du6o r7fjleex nz2484kf svot0ezm dcnh1tix sxl192xd t3g6t33p\"><span class=\"mpj7bzys xzlurrtv\">\ud83c\udfe1<\/span><\/span>Cocina<\/strong><\/p>\n<ul>\n<li>Coffee maker<\/li>\n<li>Refrigerador<\/li>\n<li>Plantilla de gas<\/li>\n<li>Ollas<\/li>\n<li>Vajilla<\/li>\n<\/ul>\n<p>&nbsp;<\/p>\n<p>Para reservar al WhatsApp al 8374-3443 \ud83d\udcf2 y consultar disponibilidad y para confirmar la fecha se debe realizar el pago del 50% a trav\u00e9s de dep\u00f3sito bancario o SINPE M\u00d3VIL.<\/p>\n<p>&nbsp;<\/p>\n<p>&nbsp;<\/p>\n<p>&nbsp;<\/p>\n","protected":false},"excerpt":{"rendered":"<p>San Jer\u00f3nimo de San Pedro P\u00e9rez Zeled\u00f3n, 250 metros norte de las oficinas de ATURENA. \ud83c\udfe1Caba\u00f1a\u00a0 \ud83d\udccd1 cama matrimonial \ud83d\udccd1 Camarote \ud83c\udfe1Servicios Internet Ducha. \ud83c\udfe1Cocina Coffee maker Refrigerador Plantilla de gas Ollas Vajilla &nbsp; Para reservar al WhatsApp al 8374-3443 \ud83d\udcf2 y consultar disponibilidad y para confirmar la fecha se debe realizar el pago del [&hellip;]<\/p>\n","protected":false},"author":2,"featured_media":610,"parent":0,"menu_order":0,"comment_status":"closed","ping_status":"closed","template":"","meta":{"two_page_speed":[],"footnotes":""},"class_list":["post-497","page","type-page","status-publish","has-post-thumbnail","hentry"],"_links":{"self":[{"href":"https:\/\/aturena.com\/index.php\/wp-json\/wp\/v2\/pages\/497","targetHints":{"allow":["GET"]}}],"collection":[{"href":"https:\/\/aturena.com\/index.php\/wp-json\/wp\/v2\/pages"}],"about":[{"href":"https:\/\/aturena.com\/index.php\/wp-json\/wp\/v2\/types\/page"}],"author":[{"embeddable":true,"href":"https:\/\/aturena.com\/index.php\/wp-json\/wp\/v2\/users\/2"}],"replies":[{"embeddable":true,"href":"https:\/\/aturena.com\/index.php\/wp-json\/wp\/v2\/comments?post=497"}],"version-history":[{"count":3,"href":"https:\/\/aturena.com\/index.php\/wp-json\/wp\/v2\/pages\/497\/revisions"}],"predecessor-version":[{"id":612,"href":"https:\/\/aturena.com\/index.php\/wp-json\/wp\/v2\/pages\/497\/revisions\/612"}],"wp:featuredmedia":[{"embeddable":true,"href":"https:\/\/aturena.com\/index.php\/wp-json\/wp\/v2\/media\/610"}],"wp:attachment":[{"href":"https:\/\/aturena.com\/index.php\/wp-json\/wp\/v2\/media?parent=497"}],"curies":[{"name":"wp","href":"https:\/\/api.w.org\/{rel}","templated":true}]}}