{"id":478,"date":"2024-02-14T13:54:12","date_gmt":"2024-02-14T13:54:12","guid":{"rendered":"https:\/\/aturena.com\/?page_id=478"},"modified":"2024-02-20T18:56:01","modified_gmt":"2024-02-20T18:56:01","slug":"cabana-de-montana-amanecer","status":"publish","type":"page","link":"https:\/\/aturena.com\/index.php\/cabana-de-montana-amanecer\/","title":{"rendered":"Caba\u00f1a de Monta\u00f1a Amanecer"},"content":{"rendered":"<p><strong><span class=\"fe5nidar khvhiq1o r5qsrrlp i5tg98hk f9ovudaz przvwfww gx1rr48f gfz4du6o r7fjleex nz2484kf svot0ezm dcnh1tix sxl192xd t3g6t33p\"><span class=\"mpj7bzys xzlurrtv\">\ud83c\udfe1<\/span><\/span><\/strong>Ubicadas a 200 metros sur del centro de San Jer\u00f3nimo, camino a San Rafael de San Pedro, P\u00e9rez Zeled\u00f3n.<\/p>\n<p><strong><span class=\"fe5nidar khvhiq1o r5qsrrlp i5tg98hk f9ovudaz przvwfww gx1rr48f gfz4du6o r7fjleex nz2484kf svot0ezm dcnh1tix sxl192xd t3g6t33p\"><span class=\"mpj7bzys xzlurrtv\">\ud83d\udccd<\/span><\/span>Servicios:<\/strong><\/p>\n<ul>\n<li>Electricidad<\/li>\n<li>Wifi<\/li>\n<li>Agua caliente.<\/li>\n<li>Parqueo<\/li>\n<\/ul>\n<p><strong><span class=\"fe5nidar khvhiq1o r5qsrrlp i5tg98hk f9ovudaz przvwfww gx1rr48f gfz4du6o r7fjleex nz2484kf svot0ezm dcnh1tix sxl192xd t3g6t33p\"><span class=\"mpj7bzys xzlurrtv\">\ud83d\udccd<\/span><\/span>Habitaciones:<\/strong><\/p>\n<ul>\n<li>2 camarotes, 1 cama matrimonial y 2 individuales.<\/li>\n<\/ul>\n<p><strong><span class=\"fe5nidar khvhiq1o r5qsrrlp i5tg98hk f9ovudaz przvwfww gx1rr48f gfz4du6o r7fjleex nz2484kf svot0ezm dcnh1tix sxl192xd t3g6t33p\"><span class=\"mpj7bzys xzlurrtv\">\ud83d\udccd<\/span><\/span>Electrodom\u00e9sticos:<\/strong><\/p>\n<ul>\n<li>Refrigerador<\/li>\n<li>Microondas<\/li>\n<li>Licuadora<\/li>\n<li>Olla arrocera<\/li>\n<li>Coffe Maker<\/li>\n<li>Sart\u00e9n<\/li>\n<\/ul>\n<p>Para reservar al WhatsApp al 8374-3443 \ud83d\udcf2 y consultar disponibilidad y para confirmar la fecha se debe realizar el pago del 50% a trav\u00e9s de dep\u00f3sito bancario o SINPE M\u00d3VIL.<\/p>\n<p>FACEBOOK:<\/p>\n<p><span class=\"fe5nidar khvhiq1o r5qsrrlp i5tg98hk f9ovudaz przvwfww gx1rr48f gfz4du6o r7fjleex nz2484kf svot0ezm dcnh1tix sxl192xd t3g6t33p\"><span class=\"mpj7bzys xzlurrtv\">\u2b07\ufe0f<\/span><\/span><\/p>\n<p><a href=\"https:\/\/www.facebook.com\/sunrisechirripo\">https:\/\/www.facebook.com\/sunrisechirripo<\/a><\/p>\n<p>&nbsp;<\/p>\n<p>&nbsp;<\/p>\n<style id=\"bwg-style-0\">    #bwg_container1_0 #bwg_container2_0 .bwg-container-0.bwg-standard-thumbnails {      width: 1254px;              justify-content: center;        margin:0 auto !important;              background-color: rgba(255, 255, 255, 0.00);            padding-left: 4px;      padding-top: 4px;      max-width: 100%;            }        #bwg_container1_0 #bwg_container2_0 .bwg-container-0.bwg-standard-thumbnails .bwg-item {    justify-content: flex-start;      max-width: 250px;          }    #bwg_container1_0 #bwg_container2_0 .bwg-container-0.bwg-standard-thumbnails .bwg-item a {       margin-right: 4px;       margin-bottom: 4px;    }    #bwg_container1_0 #bwg_container2_0 .bwg-container-0.bwg-standard-thumbnails .bwg-item0 {      padding: 0px;            background-color:rgba(0,0,0, 0.30);      border: 5px none #FFFFFF;      opacity: 1.00;      border-radius: 0;      box-shadow: ;    }    #bwg_container1_0 #bwg_container2_0 .bwg-container-0.bwg-standard-thumbnails .bwg-item1 img {      max-height: none;      max-width: none;      padding: 0 !important;    }         @media only screen and (min-width: 480px) {\t\t#bwg_container1_0 #bwg_container2_0 .bwg-container-0.bwg-standard-thumbnails .bwg-item1 img {\t\t\t-webkit-transition: all .3s; transition: all .3s;\t\t}\t\t#bwg_container1_0 #bwg_container2_0 .bwg-container-0.bwg-standard-thumbnails .bwg-item1 img:hover {\t\t\t-ms-transform: scale(1.08);\t\t\t-webkit-transform: scale(1.08);\t\t\ttransform: scale(1.08);\t\t}\t\t\t\t.bwg-standard-thumbnails .bwg-zoom-effect .bwg-zoom-effect-overlay {\t\t\t\t\t\tbackground-color:rgba(0,0,0, 0.3);\t\t}\t\t.bwg-standard-thumbnails .bwg-zoom-effect:hover img {\t\t\t-ms-transform: scale(1.08);\t\t\t-webkit-transform: scale(1.08);\t\t\ttransform: scale(1.08);\t\t}\t\t      }\t    #bwg_container1_0 #bwg_container2_0 .bwg-container-0.bwg-standard-thumbnails .bwg-item1 {      padding-top: 56%;    }        #bwg_container1_0 #bwg_container2_0 .bwg-container-0.bwg-standard-thumbnails .bwg-title1 {      position: absolute;      top: 0;      z-index: 100;      width: 100%;      height: 100%;      display: flex;      justify-content: center;      align-content: center;      flex-direction: column;      opacity: 0;    }\t      #bwg_container1_0 #bwg_container2_0 .bwg-container-0.bwg-standard-thumbnails .bwg-title2,    #bwg_container1_0 #bwg_container2_0 .bwg-container-0.bwg-standard-thumbnails .bwg-ecommerce2 {      color: #FFFFFF;      font-family: Ubuntu;      font-size: 16px;      font-weight: bold;      padding: 5px;      text-shadow: ;      max-height: 100%;    }    #bwg_container1_0 #bwg_container2_0 .bwg-container-0.bwg-standard-thumbnails .bwg-thumb-description span {    color: #323A45;    font-family: Ubuntu;    font-size: 12px;    max-height: 100%;    word-wrap: break-word;    }    #bwg_container1_0 #bwg_container2_0 .bwg-container-0.bwg-standard-thumbnails .bwg-play-icon2 {      font-size: 32px;    }    #bwg_container1_0 #bwg_container2_0 .bwg-container-0.bwg-standard-thumbnails .bwg-ecommerce2 {      font-size: 19.2px;      color: #323A45;    }    <\/style>    <div id=\"bwg_container1_0\"         class=\"bwg_container bwg_thumbnail bwg_thumbnails \"         data-right-click-protection=\"0\"         data-bwg=\"0\"         data-scroll=\"0\"         data-gallery-type=\"thumbnails\"         data-gallery-view-type=\"thumbnails\"         data-current-url=\"\/index.php\/wp-json\/wp\/v2\/pages\/478\"         data-lightbox-url=\"https:\/\/aturena.com\/wp-admin\/admin-ajax.php?action=GalleryBox&#038;current_view=0&#038;gallery_id=15&#038;tag=0&#038;theme_id=2&#038;shortcode_id=40&#038;sort_by=order&#038;order_by=asc&#038;current_url=%2Findex.php%2Fwp-json%2Fwp%2Fv2%2Fpages%2F478\"         data-gallery-id=\"15\"         data-popup-width=\"800\"         data-popup-height=\"500\"         data-is-album=\"gallery\"         data-buttons-position=\"bottom\">      <div id=\"bwg_container2_0\">             <div id=\"ajax_loading_0\" class=\"bwg_loading_div_1\">      <div class=\"bwg_loading_div_2\">        <div class=\"bwg_loading_div_3\">          <div id=\"loading_div_0\" class=\"bwg_spider_ajax_loading\">          <\/div>        <\/div>      <\/div>    <\/div>            <form id=\"gal_front_form_0\"              class=\"bwg-hidden\"              method=\"post\"              action=\"#\"              data-current=\"0\"              data-shortcode-id=\"40\"              data-gallery-type=\"thumbnails\"              data-gallery-id=\"15\"              data-tag=\"0\"              data-album-id=\"0\"              data-theme-id=\"2\"              data-ajax-url=\"https:\/\/aturena.com\/wp-admin\/admin-ajax.php?action=bwg_frontend_data\">          <div id=\"bwg_container3_0\" class=\"bwg-background bwg-background-0\">                <div data-max-count=\"5\"         data-thumbnail-width=\"250\"         data-bwg=\"0\"         data-gallery-id=\"15\"         data-lightbox-url=\"https:\/\/aturena.com\/wp-admin\/admin-ajax.php?action=GalleryBox&amp;current_view=0&amp;gallery_id=15&amp;tag=0&amp;theme_id=2&amp;shortcode_id=40&amp;sort_by=order&amp;order_by=asc&amp;current_url=%2Findex.php%2Fwp-json%2Fwp%2Fv2%2Fpages%2F478\"         id=\"bwg_thumbnails_0\"         class=\"bwg-container-0 bwg-thumbnails bwg-standard-thumbnails bwg-container bwg-border-box\">            <div class=\"bwg-item\">        <a class=\"bwg-a  bwg_lightbox\"  data-image-id=\"136\" href=\"https:\/\/aturena.com\/wp-content\/uploads\/photo-gallery\/WhatsApp-Image-2023-05-30-at-1.52.50-PM.jpeg?bwg=1707929602\" data-elementor-open-lightbox=\"no\">                <div class=\"bwg-item0 \">          <div class=\"bwg-item1 bwg-zoom-effect\">            <div class=\"bwg-item2\">              <img decoding=\"async\" class=\"skip-lazy bwg_standart_thumb_img_0 \"                   data-id=\"136\"                   data-width=\"500.00\"                   data-height=\"375.00\"                   data-src=\"https:\/\/aturena.com\/wp-content\/uploads\/photo-gallery\/thumb\/WhatsApp-Image-2023-05-30-at-1.52.50-PM.jpeg?bwg=1707929602\"                   src=\"https:\/\/aturena.com\/wp-content\/uploads\/photo-gallery\/thumb\/WhatsApp-Image-2023-05-30-at-1.52.50-PM.jpeg?bwg=1707929602\"                   alt=\"WhatsApp-Image-2023-05-30-at-1.52.50-PM\"                   title=\"WhatsApp-Image-2023-05-30-at-1.52.50-PM\" \/>            <\/div>            <div class=\"bwg-zoom-effect-overlay\">              <div class=\"bwg-title1\"><div class=\"bwg-title2\">WhatsApp-Image-2023-05-30-at-1.52.50-PM<\/div><\/div>                                        <\/div>          <\/div>        <\/div>                        <\/a>              <\/div>            <div class=\"bwg-item\">        <a class=\"bwg-a  bwg_lightbox\"  data-image-id=\"135\" href=\"https:\/\/aturena.com\/wp-content\/uploads\/photo-gallery\/WhatsApp-Image-2024-01-30-at-3.39.41-PM.jpeg?bwg=1707929579\" data-elementor-open-lightbox=\"no\">                <div class=\"bwg-item0 \">          <div class=\"bwg-item1 bwg-zoom-effect\">            <div class=\"bwg-item2\">              <img decoding=\"async\" class=\"skip-lazy bwg_standart_thumb_img_0 \"                   data-id=\"135\"                   data-width=\"375.00\"                   data-height=\"500.00\"                   data-src=\"https:\/\/aturena.com\/wp-content\/uploads\/photo-gallery\/thumb\/WhatsApp-Image-2024-01-30-at-3.39.41-PM.jpeg?bwg=1707929579\"                   src=\"https:\/\/aturena.com\/wp-content\/uploads\/photo-gallery\/thumb\/WhatsApp-Image-2024-01-30-at-3.39.41-PM.jpeg?bwg=1707929579\"                   alt=\"WhatsApp-Image-2024-01-30-at-3.39.41-PM\"                   title=\"WhatsApp-Image-2024-01-30-at-3.39.41-PM\" \/>            <\/div>            <div class=\"bwg-zoom-effect-overlay\">              <div class=\"bwg-title1\"><div class=\"bwg-title2\">WhatsApp-Image-2024-01-30-at-3.39.41-PM<\/div><\/div>                                        <\/div>          <\/div>        <\/div>                        <\/a>              <\/div>            <div class=\"bwg-item\">        <a class=\"bwg-a  bwg_lightbox\"  data-image-id=\"134\" href=\"https:\/\/aturena.com\/wp-content\/uploads\/photo-gallery\/WhatsApp-Image-2024-01-30-at-3.39.41-PM2.jpeg?bwg=1707929565\" data-elementor-open-lightbox=\"no\">                <div class=\"bwg-item0 \">          <div class=\"bwg-item1 bwg-zoom-effect\">            <div class=\"bwg-item2\">              <img decoding=\"async\" class=\"skip-lazy bwg_standart_thumb_img_0 \"                   data-id=\"134\"                   data-width=\"395.00\"                   data-height=\"500.00\"                   data-src=\"https:\/\/aturena.com\/wp-content\/uploads\/photo-gallery\/thumb\/WhatsApp-Image-2024-01-30-at-3.39.41-PM2.jpeg?bwg=1707929565\"                   src=\"https:\/\/aturena.com\/wp-content\/uploads\/photo-gallery\/thumb\/WhatsApp-Image-2024-01-30-at-3.39.41-PM2.jpeg?bwg=1707929565\"                   alt=\"WhatsApp-Image-2024-01-30-at-3.39.41-PM2\"                   title=\"WhatsApp-Image-2024-01-30-at-3.39.41-PM2\" \/>            <\/div>            <div class=\"bwg-zoom-effect-overlay\">              <div class=\"bwg-title1\"><div class=\"bwg-title2\">WhatsApp-Image-2024-01-30-at-3.39.41-PM2<\/div><\/div>                                        <\/div>          <\/div>        <\/div>                        <\/a>              <\/div>            <div class=\"bwg-item\">        <a class=\"bwg-a  bwg_lightbox\"  data-image-id=\"133\" href=\"https:\/\/aturena.com\/wp-content\/uploads\/photo-gallery\/WhatsApp-Image-2024-01-30-at-3.39.30-PM.jpeg?bwg=1707929560\" data-elementor-open-lightbox=\"no\">                <div class=\"bwg-item0 \">          <div class=\"bwg-item1 bwg-zoom-effect\">            <div class=\"bwg-item2\">              <img decoding=\"async\" class=\"skip-lazy bwg_standart_thumb_img_0 \"                   data-id=\"133\"                   data-width=\"375.00\"                   data-height=\"500.00\"                   data-src=\"https:\/\/aturena.com\/wp-content\/uploads\/photo-gallery\/thumb\/WhatsApp-Image-2024-01-30-at-3.39.30-PM.jpeg?bwg=1707929560\"                   src=\"https:\/\/aturena.com\/wp-content\/uploads\/photo-gallery\/thumb\/WhatsApp-Image-2024-01-30-at-3.39.30-PM.jpeg?bwg=1707929560\"                   alt=\"WhatsApp-Image-2024-01-30-at-3.39.30-PM\"                   title=\"WhatsApp-Image-2024-01-30-at-3.39.30-PM\" \/>            <\/div>            <div class=\"bwg-zoom-effect-overlay\">              <div class=\"bwg-title1\"><div class=\"bwg-title2\">WhatsApp-Image-2024-01-30-at-3.39.30-PM<\/div><\/div>                                        <\/div>          <\/div>        <\/div>                        <\/a>              <\/div>            <div class=\"bwg-item\">        <a class=\"bwg-a  bwg_lightbox\"  data-image-id=\"132\" href=\"https:\/\/aturena.com\/wp-content\/uploads\/photo-gallery\/WhatsApp-Image-2024-01-30-at-3.39.24-PM.jpeg?bwg=1707929557\" data-elementor-open-lightbox=\"no\">                <div class=\"bwg-item0 \">          <div class=\"bwg-item1 bwg-zoom-effect\">            <div class=\"bwg-item2\">              <img decoding=\"async\" class=\"skip-lazy bwg_standart_thumb_img_0 \"                   data-id=\"132\"                   data-width=\"500.00\"                   data-height=\"320.00\"                   data-src=\"https:\/\/aturena.com\/wp-content\/uploads\/photo-gallery\/thumb\/WhatsApp-Image-2024-01-30-at-3.39.24-PM.jpeg?bwg=1707929557\"                   src=\"https:\/\/aturena.com\/wp-content\/uploads\/photo-gallery\/thumb\/WhatsApp-Image-2024-01-30-at-3.39.24-PM.jpeg?bwg=1707929557\"                   alt=\"WhatsApp-Image-2024-01-30-at-3.39.24-PM\"                   title=\"WhatsApp-Image-2024-01-30-at-3.39.24-PM\" \/>            <\/div>            <div class=\"bwg-zoom-effect-overlay\">              <div class=\"bwg-title1\"><div class=\"bwg-title2\">WhatsApp-Image-2024-01-30-at-3.39.24-PM<\/div><\/div>                                        <\/div>          <\/div>        <\/div>                        <\/a>              <\/div>            <div class=\"bwg-item\">        <a class=\"bwg-a  bwg_lightbox\"  data-image-id=\"131\" href=\"https:\/\/aturena.com\/wp-content\/uploads\/photo-gallery\/WhatsApp-Image-2024-01-30-at-3.39.24-PM3.jpeg?bwg=1707929553\" data-elementor-open-lightbox=\"no\">                <div class=\"bwg-item0 \">          <div class=\"bwg-item1 bwg-zoom-effect\">            <div class=\"bwg-item2\">              <img decoding=\"async\" class=\"skip-lazy bwg_standart_thumb_img_0 \"                   data-id=\"131\"                   data-width=\"500.00\"                   data-height=\"500.00\"                   data-src=\"https:\/\/aturena.com\/wp-content\/uploads\/photo-gallery\/thumb\/WhatsApp-Image-2024-01-30-at-3.39.24-PM3.jpeg?bwg=1707929553\"                   src=\"https:\/\/aturena.com\/wp-content\/uploads\/photo-gallery\/thumb\/WhatsApp-Image-2024-01-30-at-3.39.24-PM3.jpeg?bwg=1707929553\"                   alt=\"WhatsApp-Image-2024-01-30-at-3.39.24-PM3\"                   title=\"WhatsApp-Image-2024-01-30-at-3.39.24-PM3\" \/>            <\/div>            <div class=\"bwg-zoom-effect-overlay\">              <div class=\"bwg-title1\"><div class=\"bwg-title2\">WhatsApp-Image-2024-01-30-at-3.39.24-PM3<\/div><\/div>                                        <\/div>          <\/div>        <\/div>                        <\/a>              <\/div>            <div class=\"bwg-item\">        <a class=\"bwg-a  bwg_lightbox\"  data-image-id=\"130\" href=\"https:\/\/aturena.com\/wp-content\/uploads\/photo-gallery\/WhatsApp-Image-2024-01-30-at-3.39.24-PM2.jpeg?bwg=1707929549\" data-elementor-open-lightbox=\"no\">                <div class=\"bwg-item0 \">          <div class=\"bwg-item1 bwg-zoom-effect\">            <div class=\"bwg-item2\">              <img decoding=\"async\" class=\"skip-lazy bwg_standart_thumb_img_0 \"                   data-id=\"130\"                   data-width=\"500.00\"                   data-height=\"500.00\"                   data-src=\"https:\/\/aturena.com\/wp-content\/uploads\/photo-gallery\/thumb\/WhatsApp-Image-2024-01-30-at-3.39.24-PM2.jpeg?bwg=1707929549\"                   src=\"https:\/\/aturena.com\/wp-content\/uploads\/photo-gallery\/thumb\/WhatsApp-Image-2024-01-30-at-3.39.24-PM2.jpeg?bwg=1707929549\"                   alt=\"WhatsApp-Image-2024-01-30-at-3.39.24-PM2\"                   title=\"WhatsApp-Image-2024-01-30-at-3.39.24-PM2\" \/>            <\/div>            <div class=\"bwg-zoom-effect-overlay\">              <div class=\"bwg-title1\"><div class=\"bwg-title2\">WhatsApp-Image-2024-01-30-at-3.39.24-PM2<\/div><\/div>                                        <\/div>          <\/div>        <\/div>                        <\/a>              <\/div>            <div class=\"bwg-item\">        <a class=\"bwg-a  bwg_lightbox\"  data-image-id=\"129\" href=\"https:\/\/aturena.com\/wp-content\/uploads\/photo-gallery\/WhatsApp-Image-2024-01-30-at-3.39.24-PM1.jpeg?bwg=1707929544\" data-elementor-open-lightbox=\"no\">                <div class=\"bwg-item0 \">          <div class=\"bwg-item1 bwg-zoom-effect\">            <div class=\"bwg-item2\">              <img decoding=\"async\" class=\"skip-lazy bwg_standart_thumb_img_0 \"                   data-id=\"129\"                   data-width=\"422.00\"                   data-height=\"500.00\"                   data-src=\"https:\/\/aturena.com\/wp-content\/uploads\/photo-gallery\/thumb\/WhatsApp-Image-2024-01-30-at-3.39.24-PM1.jpeg?bwg=1707929544\"                   src=\"https:\/\/aturena.com\/wp-content\/uploads\/photo-gallery\/thumb\/WhatsApp-Image-2024-01-30-at-3.39.24-PM1.jpeg?bwg=1707929544\"                   alt=\"WhatsApp-Image-2024-01-30-at-3.39.24-PM1\"                   title=\"WhatsApp-Image-2024-01-30-at-3.39.24-PM1\" \/>            <\/div>            <div class=\"bwg-zoom-effect-overlay\">              <div class=\"bwg-title1\"><div class=\"bwg-title2\">WhatsApp-Image-2024-01-30-at-3.39.24-PM1<\/div><\/div>                                        <\/div>          <\/div>        <\/div>                        <\/a>              <\/div>            <div class=\"bwg-item\">        <a class=\"bwg-a  bwg_lightbox\"  data-image-id=\"128\" href=\"https:\/\/aturena.com\/wp-content\/uploads\/photo-gallery\/WhatsApp-Image-2024-01-30-at-3.39.23-PM1.jpeg?bwg=1707929540\" data-elementor-open-lightbox=\"no\">                <div class=\"bwg-item0 \">          <div class=\"bwg-item1 bwg-zoom-effect\">            <div class=\"bwg-item2\">              <img decoding=\"async\" class=\"skip-lazy bwg_standart_thumb_img_0 \"                   data-id=\"128\"                   data-width=\"413.00\"                   data-height=\"500.00\"                   data-src=\"https:\/\/aturena.com\/wp-content\/uploads\/photo-gallery\/thumb\/WhatsApp-Image-2024-01-30-at-3.39.23-PM1.jpeg?bwg=1707929540\"                   src=\"https:\/\/aturena.com\/wp-content\/uploads\/photo-gallery\/thumb\/WhatsApp-Image-2024-01-30-at-3.39.23-PM1.jpeg?bwg=1707929540\"                   alt=\"WhatsApp-Image-2024-01-30-at-3.39.23-PM1\"                   title=\"WhatsApp-Image-2024-01-30-at-3.39.23-PM1\" \/>            <\/div>            <div class=\"bwg-zoom-effect-overlay\">              <div class=\"bwg-title1\"><div class=\"bwg-title2\">WhatsApp-Image-2024-01-30-at-3.39.23-PM1<\/div><\/div>                                        <\/div>          <\/div>        <\/div>                        <\/a>              <\/div>          <\/div>    <style>      \/*pagination styles*\/      #bwg_container1_0 #bwg_container2_0 .tablenav-pages_0 {\t\t\t\ttext-align: center;\t\t\t\tfont-size: 12px;\t\t\t\tfont-family: Ubuntu;\t\t\t\tfont-weight: bold;\t\t\t\tcolor: #666666;\t\t\t\tmargin: 6px 0 4px;\t\t\t\tdisplay: block;      }      @media only screen and (max-width : 320px) {      #bwg_container1_0 #bwg_container2_0 .displaying-num_0 {     \t display: none;      }      }      #bwg_container1_0 #bwg_container2_0 .displaying-num_0 {\t\t\t\tfont-size: 12px;\t\t\t\tfont-family: Ubuntu;\t\t\t\tfont-weight: bold;\t\t\t\tcolor: #666666;\t\t\t\tmargin-right: 10px;\t\t\t\tvertical-align: middle;      }      #bwg_container1_0 #bwg_container2_0 .paging-input_0 {\t\t\t\tfont-size: 12px;\t\t\t\tfont-family: Ubuntu;\t\t\t\tfont-weight: bold;\t\t\t\tcolor: #666666;\t\t\t\tvertical-align: middle;      }      #bwg_container1_0 #bwg_container2_0 .tablenav-pages_0 a.disabled,      #bwg_container1_0 #bwg_container2_0 .tablenav-pages_0 a.disabled:hover,      #bwg_container1_0 #bwg_container2_0 .tablenav-pages_0 a.disabled:focus,\t\t\t#bwg_container1_0 #bwg_container2_0 .tablenav-pages_0 input.bwg_current_page {\t\t\t\tcursor: default;\t\t\t\tcolor: rgba(102, 102, 102, 0.5);      }      #bwg_container1_0 #bwg_container2_0 .tablenav-pages_0 a,      #bwg_container1_0 #bwg_container2_0 .tablenav-pages_0 input.bwg_current_page {\t\t\t\tcursor: pointer;\t\t\t\ttext-align: center;\t\t\t\tfont-size: 12px;\t\t\t\tfont-family: Ubuntu;\t\t\t\tfont-weight: bold;\t\t\t\tcolor: #666666;\t\t\t\ttext-decoration: none;\t\t\t\tpadding: 3px 6px;\t\t\t\tmargin: 0;\t\t\t\tborder-radius: 0;\t\t\t\tborder-style: none;\t\t\t\tborder-width: 1px;\t\t\t\tborder-color: #E3E3E3;\t\t\t\t\t\t\t\tbackground-color: rgba(252, 252, 252, 1.00);\t\t\t\tbox-shadow: 0;\t\t\t\ttransition: all 0.3s ease 0s;-webkit-transition: all 0.3s ease 0s;      }      <\/style>      <span class=\"bwg_nav_cont_0\">              <div class=\"tablenav-pages_0\">                  <\/div>                <input type=\"hidden\" id=\"page_number_0\" name=\"page_number_0\" value=\"1\" \/>      <script type=\"text\/javascript\">        if( jQuery('.bwg_nav_cont_0').length > 1 ) {          jQuery('.bwg_nav_cont_0').first().remove()        }        function spider_page_0(cur, x, y, load_more) {          if (typeof load_more == \"undefined\") {            var load_more = false;          }          if (jQuery(cur).hasClass('disabled')) {            return false;          }          var items_county_0 = 1;          switch (y) {            case 1:              if (x >= items_county_0) {                document.getElementById('page_number_0').value = items_county_0;              }              else {                document.getElementById('page_number_0').value = x + 1;              }              break;            case 2:              document.getElementById('page_number_0').value = items_county_0;              break;            case -1:              if (x == 1) {                document.getElementById('page_number_0').value = 1;              }              else {                document.getElementById('page_number_0').value = x - 1;              }              break;            case -2:              document.getElementById('page_number_0').value = 1;              break;\t\t\t\t\t\tcase 0:              document.getElementById('page_number_0').value = x;              break;            default:              document.getElementById('page_number_0').value = 1;          }          bwg_ajax('gal_front_form_0', '0', 'bwg_thumbnails_0', '0', '', 'gallery', 0, '', '', load_more, '', 1);        }                    jQuery('.first-page-0').on('click', function () {              spider_page_0(this, 1, -2, 'numeric');              return false;            });            jQuery('.prev-page-0').on('click', function () {              spider_page_0(this, 1, -1, 'numeric');              return false;            });            jQuery('.next-page-0').on('click', function () {              spider_page_0(this, 1, 1, 'numeric');              return false;            });            jQuery('.last-page-0').on('click', function () {              spider_page_0(this, 1, 2, 'numeric');              return false;            });        \t\t\t\t\/* Change page on input enter. *\/        function bwg_change_page_0( e, that ) {          if (  e.key == 'Enter' ) {            var to_page = parseInt(jQuery(that).val());            var pages_count = jQuery(that).parents(\".pagination-links\").data(\"pages-count\");            var current_url_param = jQuery(that).attr('data-url-info');            if (to_page > pages_count) {              to_page = 1;            }\t \t\t\t\t\t\t\t\t\t\t\t\tspider_page_0(this, to_page, 0, 'numeric');\t\t\t\t\t\t\treturn false;\t\t\t\t\t\t          }          return true;        }        jQuery('.bwg_load_btn_0').on('click', function () {            spider_page_0(this, 1, 1, true);            return false;        });      <\/script>      <\/span>                <\/div>        <\/form>        <style>          #bwg_container1_0 #bwg_container2_0 #spider_popup_overlay_0 {          background-color: #000000;          opacity: 0.70;          }          <\/style>        <div id=\"bwg_spider_popup_loading_0\" class=\"bwg_spider_popup_loading\"><\/div>        <div id=\"spider_popup_overlay_0\" class=\"spider_popup_overlay\" onclick=\"spider_destroypopup(1000)\"><\/div>        <input type=\"hidden\" id=\"bwg_random_seed_0\" value=\"1442493354\">                <\/div>    <\/div>    <script>      if (document.readyState === 'complete') {        if( typeof bwg_main_ready == 'function' ) {          if ( jQuery(\"#bwg_container1_0\").height() ) {            bwg_main_ready(jQuery(\"#bwg_container1_0\"));          }        }      } else {        document.addEventListener('DOMContentLoaded', function() {          if( typeof bwg_main_ready == 'function' ) {            if ( jQuery(\"#bwg_container1_0\").height() ) {             bwg_main_ready(jQuery(\"#bwg_container1_0\"));            }          }        });      }    <\/script>    \n","protected":false},"excerpt":{"rendered":"<p>\ud83c\udfe1Ubicadas a 200 metros sur del centro de San Jer\u00f3nimo, camino a San Rafael de San Pedro, P\u00e9rez Zeled\u00f3n. \ud83d\udccdServicios: Electricidad Wifi Agua caliente. Parqueo \ud83d\udccdHabitaciones: 2 camarotes, 1 cama matrimonial y 2 individuales. \ud83d\udccdElectrodom\u00e9sticos: Refrigerador Microondas Licuadora Olla arrocera Coffe Maker Sart\u00e9n Para reservar al WhatsApp al 8374-3443 \ud83d\udcf2 y consultar disponibilidad y para [&hellip;]<\/p>\n","protected":false},"author":2,"featured_media":606,"parent":0,"menu_order":0,"comment_status":"closed","ping_status":"closed","template":"","meta":{"two_page_speed":[],"footnotes":""},"class_list":["post-478","page","type-page","status-publish","has-post-thumbnail","hentry"],"_links":{"self":[{"href":"https:\/\/aturena.com\/index.php\/wp-json\/wp\/v2\/pages\/478","targetHints":{"allow":["GET"]}}],"collection":[{"href":"https:\/\/aturena.com\/index.php\/wp-json\/wp\/v2\/pages"}],"about":[{"href":"https:\/\/aturena.com\/index.php\/wp-json\/wp\/v2\/types\/page"}],"author":[{"embeddable":true,"href":"https:\/\/aturena.com\/index.php\/wp-json\/wp\/v2\/users\/2"}],"replies":[{"embeddable":true,"href":"https:\/\/aturena.com\/index.php\/wp-json\/wp\/v2\/comments?post=478"}],"version-history":[{"count":5,"href":"https:\/\/aturena.com\/index.php\/wp-json\/wp\/v2\/pages\/478\/revisions"}],"predecessor-version":[{"id":539,"href":"https:\/\/aturena.com\/index.php\/wp-json\/wp\/v2\/pages\/478\/revisions\/539"}],"wp:featuredmedia":[{"embeddable":true,"href":"https:\/\/aturena.com\/index.php\/wp-json\/wp\/v2\/media\/606"}],"wp:attachment":[{"href":"https:\/\/aturena.com\/index.php\/wp-json\/wp\/v2\/media?parent=478"}],"curies":[{"name":"wp","href":"https:\/\/api.w.org\/{rel}","templated":true}]}}