{"id":471,"date":"2024-02-14T01:13:09","date_gmt":"2024-02-14T01:13:09","guid":{"rendered":"https:\/\/aturena.com\/?page_id=471"},"modified":"2024-05-21T20:50:51","modified_gmt":"2024-05-21T20:50:51","slug":"cabanas-don-freddy","status":"publish","type":"page","link":"https:\/\/aturena.com\/index.php\/cabanas-don-freddy\/","title":{"rendered":"Caba\u00f1as Don Freddy"},"content":{"rendered":"<p>\ud83c\udfe1Ubicadas en San Jer\u00f3nimo de San Pedro en P\u00e9rez Zeled\u00f3n a 45 minutos del centro de San Isidro del General. Nuestro pueblo es el \u00faltimo para empezar el ascenso al Parque Nacional Chirrip\u00f3 a trav\u00e9s de la ruta Sabana Los Leones \u26f0\ufe0f.<\/p>\n<p>\ud83c\udfe1Son unidades con capacidad para 2, 4 y hasta 7 personas. Adem\u00e1s, cuentan con equipo b\u00e1sico de cocina: sart\u00e9n, refrigerador, olla arrocera, coffe maker, calentador de agua, platos, cubiertos, vasos, tienen wifi, agua caliente y tv satelital. <strong>El acceso es con TODO tipo de veh\u00edculo \ud83d\ude97 hasta su parqueo.<\/strong><\/p>\n<p>\ud83c\udfe1O si desea simplemente pasar un par de d\u00edas en una caba\u00f1a de monta\u00f1a, caminar un peque\u00f1o sendero por la finca hasta el rio y disfrutar de la comida t\u00edpica \ud83e\udd58preparada por do\u00f1a Zaida Morales (no cuentan con restaurante, pero se pueden preparar almuerzos y cenas con previa reservaci\u00f3n) y un delicioso caf\u00e9 artesanal \u2615 producido por la familia Quir\u00f3s Morales.<\/p>\n<p>\ud83c\udfe1Todas las caba\u00f1as cuentan con al menos una cama doble.<\/p>\n<ul>\n<li><strong>Quetzal 1<\/strong><br \/>\n1cama doble<br \/>\nMesa y 1 cama individual<\/li>\n<\/ul>\n<p>&nbsp;<\/p>\n<ul>\n<li><strong>DANTICAS 2<\/strong><br \/>\n3 camas individual<br \/>\n1 camarote matrimonial +individual<\/li>\n<\/ul>\n<p>&nbsp;<\/p>\n<ul>\n<li><strong>DEPARTAMENTO 3<\/strong><br \/>\n1 cama Doble<\/li>\n<\/ul>\n<p>&nbsp;<\/p>\n<ul>\n<li><strong>CHOSITA 4<\/strong><br \/>\n2 matrimoniales<br \/>\n1 individual<\/li>\n<\/ul>\n<p>Puede contactarnos para reservar al WhatsApp al <strong>8374-3443<\/strong> \/ <strong>8483-8693<\/strong> \ud83d\udcf2 y consultar disponibilidad y para confirmar la fecha se debe realizar el pago del 50% a trav\u00e9s de dep\u00f3sito bancario o un<strong> SINPE M\u00d3VIL.<\/strong><\/p>\n<p><a href=\"https:\/\/www.instagram.com\/cabanasdonfreddy?igsh=aG40d3B1MHJuODBw\">https:\/\/www.instagram.com\/cabanasdonfreddy?igsh=aG40d3B1MHJuODBw<\/a><\/p>\n<p><a href=\"https:\/\/www.facebook.com\/cabanasdonfreddy?mibextid=ZbWKwL\">https:\/\/www.facebook.com\/cabanasdonfreddy?mibextid=ZbWKwL<\/a><\/p>\n<style id=\"bwg-style-0\">      #bwg_container1_0 #bwg_container2_0 #bwg_mosaic_thumbnails_div_0 {        width: 100%;        position: relative;        background-color: rgba(255, 255, 255, 0.00);        text-align: center;        justify-content: center;                  margin-left: auto;          margin-right: auto;                    padding-left: 4px;          padding-top: 4px;                }          #bwg_container1_0 #bwg_container2_0 .bwg_mosaic_thumb_spun_0 {        display: block;        position: absolute;\t\t\t\tborder-radius: 2px;\t\t\t\tborder: 1px none #CCCCCC;    \t\t    \t\tbackground-color:rgba(0,0,0, 0.30);        -moz-box-sizing: content-box !important;        -webkit-box-sizing: content-box !important;        box-sizing: content-box !important;      }\t\t\t#bwg_container1_0 #bwg_container2_0 .bwg_mosaic_thumb_0 {\t\t\t\tdisplay: block;\t\t\t\t-moz-box-sizing: content-box !important;\t\t\t\t-webkit-box-sizing: content-box !important;\t\t\t\tbox-sizing: content-box !important;\t\t\t\tmargin: 0;\t\t\t\topacity: 0.80;\t\t\t}      #bwg_container1_0 #bwg_container2_0 .bwg_mosaic_thumb_spun_0:hover {        opacity: 1;        backface-visibility: hidden;        -webkit-backface-visibility: hidden;        -moz-backface-visibility: hidden;        -ms-backface-visibility: hidden;        z-index: 102;      }\t      @media only screen and (min-width: 480px) {        #bwg_container1_0 #bwg_container2_0 .bwg_mosaic_thumb_spun_0:hover {          transform: rotate(2deg);          -ms-transform: rotate(2deg);          -webkit-transform: rotate(2deg);        }      }\t      #bwg_container1_0 #bwg_container2_0 .bwg_mosaic_thumbnails_0 {        background-color: rgba(255, 255, 255, 0.00);        font-size: 0;        position: relative;        text-align: center;        display: inline-block;        visibility: hidden;              }\t  \/*image title styles*\/      #bwg_container1_0 #bwg_container2_0 .bwg_mosaic_title_spun1_0,      #bwg_container1_0 #bwg_container2_0 .bwg-mosaic-thumbnails .bwg_ecommerce_spun1_0 {        position: absolute;        display: block;        opacity: 0;        box-sizing: border-box;        text-align: center;\t\t\t\ttop: 50%;\t\t\t\tleft: 50%;\t\t\t\ttransform: translate(-50%, -50%);      }      #bwg_container1_0 #bwg_container2_0 .bwg-mosaic-thumbnails .bwg_mosaic_title_spun2_0,      #bwg_container1_0 #bwg_container2_0 .bwg-mosaic-thumbnails .bwg_ecommerce_spun2_0 {\t\t    color: #323A45;        font-family: Ubuntu;        font-size: 16px;        font-weight: bold;        text-shadow: 0px 0px 0px #888888;        vertical-align: middle;        word-wrap: break-word;      }            .bwg_mosaic_play_icon_spun_0 {        display: table;        position: absolute;        left: -10000px;        top: 0px;        opacity: 0;      }      .bwg_mosaic_play_icon_0 {        color: #323A45;        font-size: 32px;        vertical-align: middle;        display: table-cell !important;        z-index: 1;        text-align: center;        margin: 0 auto;      }      #bwg_container1_0 #bwg_container2_0 .bwg_gal_title_0 {        background-color: rgba(0, 0, 0, 0);        color: #323A45;        display: block;        font-family: Ubuntu;        font-size: 16px;        font-weight: bold;        padding: 2px;        text-shadow: ;        text-align: center;      }            @media screen and (max-width: 350px) {      div[class^=\"bwg_mosaic_thumbnails_\"],      span[class^=\"bwg_mosaic_thumb_spun_\"] {      width: 100% !important;      }      img[class^=\"bwg_mosaic_thumb_\"] {      width: 100% !important;      height: auto !important;      margin: 0px auto !important;      }      }      <\/style>    <div id=\"bwg_container1_0\"         class=\"bwg_container bwg_thumbnail bwg_thumbnails_mosaic \"         data-right-click-protection=\"0\"         data-bwg=\"0\"         data-scroll=\"0\"         data-gallery-type=\"thumbnails_mosaic\"         data-gallery-view-type=\"thumbnails_mosaic\"         data-current-url=\"\/index.php\/wp-json\/wp\/v2\/pages\/471\"         data-lightbox-url=\"https:\/\/aturena.com\/wp-admin\/admin-ajax.php?action=GalleryBox&#038;current_view=0&#038;gallery_id=13&#038;tag=0&#038;theme_id=2&#038;shortcode_id=36&#038;sort_by=order&#038;order_by=asc&#038;current_url=%2Findex.php%2Fwp-json%2Fwp%2Fv2%2Fpages%2F471\"         data-gallery-id=\"13\"         data-popup-width=\"800\"         data-popup-height=\"500\"         data-is-album=\"gallery\"         data-buttons-position=\"bottom\">      <div id=\"bwg_container2_0\">             <div id=\"ajax_loading_0\" class=\"bwg_loading_div_1\">      <div class=\"bwg_loading_div_2\">        <div class=\"bwg_loading_div_3\">          <div id=\"loading_div_0\" class=\"bwg_spider_ajax_loading\">          <\/div>        <\/div>      <\/div>    <\/div>            <form id=\"gal_front_form_0\"              class=\"bwg-hidden\"              method=\"post\"              action=\"#\"              data-current=\"0\"              data-shortcode-id=\"36\"              data-gallery-type=\"thumbnails_mosaic\"              data-gallery-id=\"13\"              data-tag=\"0\"              data-album-id=\"0\"              data-theme-id=\"2\"              data-ajax-url=\"https:\/\/aturena.com\/wp-admin\/admin-ajax.php?action=bwg_frontend_data\">          <div id=\"bwg_container3_0\" class=\"bwg-background bwg-background-0\">                <div id=\"bwg_mosaic_thumbnails_div_0\"         class=\"bwg-container-0 bwg-container bwg-mosaic-thumbnails\"         data-bwg=\"0\"         data-mosaic-direction=\"vertical\"         data-resizable=\"0\"         data-width=\"250\"         data-height=\"250\"         data-total-width=\"100\"         data-block-id=\"bwg_thumbnails_mosaic_0\"         data-thumb-padding=\"4\"         data-thumb-border=\"1\"         data-title-margin=\"2px\"         data-image-title=\"none\"         data-play-icon=\"1\"         data-ecommerce-icon=\"none\"         data-gallery-id=\"13\"         data-lightbox-url=\"https:\/\/aturena.com\/wp-admin\/admin-ajax.php?action=GalleryBox&#038;current_view=0&#038;gallery_id=13&#038;tag=0&#038;theme_id=2&#038;shortcode_id=36&#038;sort_by=order&#038;order_by=asc&#038;current_url=%2Findex.php%2Fwp-json%2Fwp%2Fv2%2Fpages%2F471\"         data-mosaic-thumb-transition=\"1\"         style=\"visibility: hidden\" >      <div id=\"bwg_thumbnails_mosaic_0\" class=\"bwg_mosaic_thumbnails_0\">                  <a  class=\"bwg-a bwg_lightbox bwg_lightbox_0\" href=\"https:\/\/aturena.com\/wp-content\/uploads\/photo-gallery\/WhatsApp-Image-2024-02-14-at-9.38.56-AM.jpeg?bwg=1707925863\" data-image-id=\"114\" data-elementor-open-lightbox=\"no\">          <div class=\"bwg_mosaic_thumb_spun_0 bwg-item0 bwg-mosaic-thumb-span \">            <img decoding=\"async\" class=\"bwg_mosaic_thumb_0 skip-lazy bwg_img_clear bwg_img_custom \"                 id=\"114\"                 src=\"https:\/\/aturena.com\/wp-content\/uploads\/photo-gallery\/thumb\/WhatsApp-Image-2024-02-14-at-9.38.56-AM.jpeg?bwg=1707925863\"                 data-src=\"https:\/\/aturena.com\/wp-content\/uploads\/photo-gallery\/thumb\/WhatsApp-Image-2024-02-14-at-9.38.56-AM.jpeg?bwg=1707925863\"                 data-width=\"375.00\"                 data-height=\"500.00\"                 alt=\"WhatsApp-Image-2024-02-14-at-9.38.56-AM\"                 title=\"WhatsApp-Image-2024-02-14-at-9.38.56-AM\" \/>                      <\/div>        <\/a>                <a  class=\"bwg-a bwg_lightbox bwg_lightbox_0\" href=\"https:\/\/aturena.com\/wp-content\/uploads\/photo-gallery\/WhatsApp-Image-2024-02-14-at-9.38.58-AM.jpeg?bwg=1707925856\" data-image-id=\"113\" data-elementor-open-lightbox=\"no\">          <div class=\"bwg_mosaic_thumb_spun_0 bwg-item0 bwg-mosaic-thumb-span \">            <img decoding=\"async\" class=\"bwg_mosaic_thumb_0 skip-lazy bwg_img_clear bwg_img_custom \"                 id=\"113\"                 src=\"https:\/\/aturena.com\/wp-content\/uploads\/photo-gallery\/thumb\/WhatsApp-Image-2024-02-14-at-9.38.58-AM.jpeg?bwg=1707925856\"                 data-src=\"https:\/\/aturena.com\/wp-content\/uploads\/photo-gallery\/thumb\/WhatsApp-Image-2024-02-14-at-9.38.58-AM.jpeg?bwg=1707925856\"                 data-width=\"375.00\"                 data-height=\"500.00\"                 alt=\"WhatsApp-Image-2024-02-14-at-9.38.58-AM\"                 title=\"WhatsApp-Image-2024-02-14-at-9.38.58-AM\" \/>                      <\/div>        <\/a>                <a  class=\"bwg-a bwg_lightbox bwg_lightbox_0\" href=\"https:\/\/aturena.com\/wp-content\/uploads\/photo-gallery\/WhatsApp-Image-2024-01-30-at-2.21.15-PM.jpeg?bwg=1707925847\" data-image-id=\"111\" data-elementor-open-lightbox=\"no\">          <div class=\"bwg_mosaic_thumb_spun_0 bwg-item0 bwg-mosaic-thumb-span \">            <img decoding=\"async\" class=\"bwg_mosaic_thumb_0 skip-lazy bwg_img_clear bwg_img_custom \"                 id=\"111\"                 src=\"https:\/\/aturena.com\/wp-content\/uploads\/photo-gallery\/thumb\/WhatsApp-Image-2024-01-30-at-2.21.15-PM.jpeg?bwg=1707925847\"                 data-src=\"https:\/\/aturena.com\/wp-content\/uploads\/photo-gallery\/thumb\/WhatsApp-Image-2024-01-30-at-2.21.15-PM.jpeg?bwg=1707925847\"                 data-width=\"500.00\"                 data-height=\"375.00\"                 alt=\"WhatsApp-Image-2024-01-30-at-2.21.15-PM\"                 title=\"WhatsApp-Image-2024-01-30-at-2.21.15-PM\" \/>                      <\/div>        <\/a>                <a  class=\"bwg-a bwg_lightbox bwg_lightbox_0\" href=\"https:\/\/aturena.com\/wp-content\/uploads\/photo-gallery\/WhatsApp-Image-2024-01-30-at-2.21.15-PM-1.jpeg?bwg=1707925847\" data-image-id=\"112\" data-elementor-open-lightbox=\"no\">          <div class=\"bwg_mosaic_thumb_spun_0 bwg-item0 bwg-mosaic-thumb-span \">            <img decoding=\"async\" class=\"bwg_mosaic_thumb_0 skip-lazy bwg_img_clear bwg_img_custom \"                 id=\"112\"                 src=\"https:\/\/aturena.com\/wp-content\/uploads\/photo-gallery\/thumb\/WhatsApp-Image-2024-01-30-at-2.21.15-PM-1.jpeg?bwg=1707925847\"                 data-src=\"https:\/\/aturena.com\/wp-content\/uploads\/photo-gallery\/thumb\/WhatsApp-Image-2024-01-30-at-2.21.15-PM-1.jpeg?bwg=1707925847\"                 data-width=\"500.00\"                 data-height=\"375.00\"                 alt=\"WhatsApp-Image-2024-01-30-at-2.21.15-PM-1\"                 title=\"WhatsApp-Image-2024-01-30-at-2.21.15-PM-1\" \/>                      <\/div>        <\/a>                <a  class=\"bwg-a bwg_lightbox bwg_lightbox_0\" href=\"https:\/\/aturena.com\/wp-content\/uploads\/photo-gallery\/WhatsApp-Image-2024-01-30-at-2.21.16-PM.jpeg?bwg=1707925837\" data-image-id=\"109\" data-elementor-open-lightbox=\"no\">          <div class=\"bwg_mosaic_thumb_spun_0 bwg-item0 bwg-mosaic-thumb-span \">            <img decoding=\"async\" class=\"bwg_mosaic_thumb_0 skip-lazy bwg_img_clear bwg_img_custom \"                 id=\"109\"                 src=\"https:\/\/aturena.com\/wp-content\/uploads\/photo-gallery\/thumb\/WhatsApp-Image-2024-01-30-at-2.21.16-PM.jpeg?bwg=1707925837\"                 data-src=\"https:\/\/aturena.com\/wp-content\/uploads\/photo-gallery\/thumb\/WhatsApp-Image-2024-01-30-at-2.21.16-PM.jpeg?bwg=1707925837\"                 data-width=\"391.00\"                 data-height=\"500.00\"                 alt=\"WhatsApp-Image-2024-01-30-at-2.21.16-PM\"                 title=\"WhatsApp-Image-2024-01-30-at-2.21.16-PM\" \/>                      <\/div>        <\/a>                <a  class=\"bwg-a bwg_lightbox bwg_lightbox_0\" href=\"https:\/\/aturena.com\/wp-content\/uploads\/photo-gallery\/WhatsApp-Image-2024-01-30-at-2.21.17-PM.jpeg?bwg=1707925831\" data-image-id=\"108\" data-elementor-open-lightbox=\"no\">          <div class=\"bwg_mosaic_thumb_spun_0 bwg-item0 bwg-mosaic-thumb-span \">            <img decoding=\"async\" class=\"bwg_mosaic_thumb_0 skip-lazy bwg_img_clear bwg_img_custom \"                 id=\"108\"                 src=\"https:\/\/aturena.com\/wp-content\/uploads\/photo-gallery\/thumb\/WhatsApp-Image-2024-01-30-at-2.21.17-PM.jpeg?bwg=1707925831\"                 data-src=\"https:\/\/aturena.com\/wp-content\/uploads\/photo-gallery\/thumb\/WhatsApp-Image-2024-01-30-at-2.21.17-PM.jpeg?bwg=1707925831\"                 data-width=\"375.00\"                 data-height=\"500.00\"                 alt=\"WhatsApp-Image-2024-01-30-at-2.21.17-PM\"                 title=\"WhatsApp-Image-2024-01-30-at-2.21.17-PM\" \/>                      <\/div>        <\/a>                <a  class=\"bwg-a bwg_lightbox bwg_lightbox_0\" href=\"https:\/\/aturena.com\/wp-content\/uploads\/photo-gallery\/WhatsApp-Image-2024-01-30-at-2.21.20-PM-1.jpeg?bwg=1707925824\" data-image-id=\"107\" data-elementor-open-lightbox=\"no\">          <div class=\"bwg_mosaic_thumb_spun_0 bwg-item0 bwg-mosaic-thumb-span \">            <img decoding=\"async\" class=\"bwg_mosaic_thumb_0 skip-lazy bwg_img_clear bwg_img_custom \"                 id=\"107\"                 src=\"https:\/\/aturena.com\/wp-content\/uploads\/photo-gallery\/thumb\/WhatsApp-Image-2024-01-30-at-2.21.20-PM-1.jpeg?bwg=1707925824\"                 data-src=\"https:\/\/aturena.com\/wp-content\/uploads\/photo-gallery\/thumb\/WhatsApp-Image-2024-01-30-at-2.21.20-PM-1.jpeg?bwg=1707925824\"                 data-width=\"500.00\"                 data-height=\"375.00\"                 alt=\"WhatsApp-Image-2024-01-30-at-2.21.20-PM-1\"                 title=\"WhatsApp-Image-2024-01-30-at-2.21.20-PM-1\" \/>                      <\/div>        <\/a>                <a  class=\"bwg-a bwg_lightbox bwg_lightbox_0\" href=\"https:\/\/aturena.com\/wp-content\/uploads\/photo-gallery\/WhatsApp-Image-2024-01-30-at-2.21.20-PM.jpeg?bwg=1707925818\" data-image-id=\"106\" data-elementor-open-lightbox=\"no\">          <div class=\"bwg_mosaic_thumb_spun_0 bwg-item0 bwg-mosaic-thumb-span \">            <img decoding=\"async\" class=\"bwg_mosaic_thumb_0 skip-lazy bwg_img_clear bwg_img_custom \"                 id=\"106\"                 src=\"https:\/\/aturena.com\/wp-content\/uploads\/photo-gallery\/thumb\/WhatsApp-Image-2024-01-30-at-2.21.20-PM.jpeg?bwg=1707925818\"                 data-src=\"https:\/\/aturena.com\/wp-content\/uploads\/photo-gallery\/thumb\/WhatsApp-Image-2024-01-30-at-2.21.20-PM.jpeg?bwg=1707925818\"                 data-width=\"500.00\"                 data-height=\"375.00\"                 alt=\"WhatsApp-Image-2024-01-30-at-2.21.20-PM\"                 title=\"WhatsApp-Image-2024-01-30-at-2.21.20-PM\" \/>                      <\/div>        <\/a>                <a  class=\"bwg-a bwg_lightbox bwg_lightbox_0\" href=\"https:\/\/aturena.com\/wp-content\/uploads\/photo-gallery\/WhatsApp-Image-2024-01-30-at-2.21.21-PM.jpeg?bwg=1707925800\" data-image-id=\"105\" data-elementor-open-lightbox=\"no\">          <div class=\"bwg_mosaic_thumb_spun_0 bwg-item0 bwg-mosaic-thumb-span \">            <img decoding=\"async\" class=\"bwg_mosaic_thumb_0 skip-lazy bwg_img_clear bwg_img_custom \"                 id=\"105\"                 src=\"https:\/\/aturena.com\/wp-content\/uploads\/photo-gallery\/thumb\/WhatsApp-Image-2024-01-30-at-2.21.21-PM.jpeg?bwg=1707925800\"                 data-src=\"https:\/\/aturena.com\/wp-content\/uploads\/photo-gallery\/thumb\/WhatsApp-Image-2024-01-30-at-2.21.21-PM.jpeg?bwg=1707925800\"                 data-width=\"500.00\"                 data-height=\"375.00\"                 alt=\"WhatsApp-Image-2024-01-30-at-2.21.21-PM\"                 title=\"WhatsApp-Image-2024-01-30-at-2.21.21-PM\" \/>                      <\/div>        <\/a>                <a  class=\"bwg-a bwg_lightbox bwg_lightbox_0\" href=\"https:\/\/aturena.com\/wp-content\/uploads\/photo-gallery\/WhatsApp-Image-2024-01-30-at-2.21.15-PM.jpeg?bwg=1707925843\" data-image-id=\"110\" data-elementor-open-lightbox=\"no\">          <div class=\"bwg_mosaic_thumb_spun_0 bwg-item0 bwg-mosaic-thumb-span \">            <img decoding=\"async\" class=\"bwg_mosaic_thumb_0 skip-lazy bwg_img_clear bwg_img_custom \"                 id=\"110\"                 src=\"https:\/\/aturena.com\/wp-content\/uploads\/photo-gallery\/thumb\/WhatsApp-Image-2024-01-30-at-2.21.15-PM.jpeg?bwg=1707925843\"                 data-src=\"https:\/\/aturena.com\/wp-content\/uploads\/photo-gallery\/thumb\/WhatsApp-Image-2024-01-30-at-2.21.15-PM.jpeg?bwg=1707925843\"                 data-width=\"500.00\"                 data-height=\"375.00\"                 alt=\"WhatsApp-Image-2024-01-30-at-2.21.15-PM\"                 title=\"WhatsApp-Image-2024-01-30-at-2.21.15-PM\" \/>                      <\/div>        <\/a>            <\/div>    <\/div>    <style>      \/*pagination styles*\/      #bwg_container1_0 #bwg_container2_0 .tablenav-pages_0 {\t\t\t\ttext-align: center;\t\t\t\tfont-size: 12px;\t\t\t\tfont-family: Ubuntu;\t\t\t\tfont-weight: bold;\t\t\t\tcolor: #666666;\t\t\t\tmargin: 6px 0 4px;\t\t\t\tdisplay: block;      }      @media only screen and (max-width : 320px) {      #bwg_container1_0 #bwg_container2_0 .displaying-num_0 {     \t display: none;      }      }      #bwg_container1_0 #bwg_container2_0 .displaying-num_0 {\t\t\t\tfont-size: 12px;\t\t\t\tfont-family: Ubuntu;\t\t\t\tfont-weight: bold;\t\t\t\tcolor: #666666;\t\t\t\tmargin-right: 10px;\t\t\t\tvertical-align: middle;      }      #bwg_container1_0 #bwg_container2_0 .paging-input_0 {\t\t\t\tfont-size: 12px;\t\t\t\tfont-family: Ubuntu;\t\t\t\tfont-weight: bold;\t\t\t\tcolor: #666666;\t\t\t\tvertical-align: middle;      }      #bwg_container1_0 #bwg_container2_0 .tablenav-pages_0 a.disabled,      #bwg_container1_0 #bwg_container2_0 .tablenav-pages_0 a.disabled:hover,      #bwg_container1_0 #bwg_container2_0 .tablenav-pages_0 a.disabled:focus,\t\t\t#bwg_container1_0 #bwg_container2_0 .tablenav-pages_0 input.bwg_current_page {\t\t\t\tcursor: default;\t\t\t\tcolor: rgba(102, 102, 102, 0.5);      }      #bwg_container1_0 #bwg_container2_0 .tablenav-pages_0 a,      #bwg_container1_0 #bwg_container2_0 .tablenav-pages_0 input.bwg_current_page {\t\t\t\tcursor: pointer;\t\t\t\ttext-align: center;\t\t\t\tfont-size: 12px;\t\t\t\tfont-family: Ubuntu;\t\t\t\tfont-weight: bold;\t\t\t\tcolor: #666666;\t\t\t\ttext-decoration: none;\t\t\t\tpadding: 3px 6px;\t\t\t\tmargin: 0;\t\t\t\tborder-radius: 0;\t\t\t\tborder-style: none;\t\t\t\tborder-width: 1px;\t\t\t\tborder-color: #E3E3E3;\t\t\t\t\t\t\t\tbackground-color: rgba(252, 252, 252, 1.00);\t\t\t\tbox-shadow: 0;\t\t\t\ttransition: all 0.3s ease 0s;-webkit-transition: all 0.3s ease 0s;      }      <\/style>      <span class=\"bwg_nav_cont_0\">              <div class=\"tablenav-pages_0\">                  <\/div>                <input type=\"hidden\" id=\"page_number_0\" name=\"page_number_0\" value=\"1\" \/>      <script type=\"text\/javascript\">        if( jQuery('.bwg_nav_cont_0').length > 1 ) {          jQuery('.bwg_nav_cont_0').first().remove()        }        function spider_page_0(cur, x, y, load_more) {          if (typeof load_more == \"undefined\") {            var load_more = false;          }          if (jQuery(cur).hasClass('disabled')) {            return false;          }          var items_county_0 = 1;          switch (y) {            case 1:              if (x >= items_county_0) {                document.getElementById('page_number_0').value = items_county_0;              }              else {                document.getElementById('page_number_0').value = x + 1;              }              break;            case 2:              document.getElementById('page_number_0').value = items_county_0;              break;            case -1:              if (x == 1) {                document.getElementById('page_number_0').value = 1;              }              else {                document.getElementById('page_number_0').value = x - 1;              }              break;            case -2:              document.getElementById('page_number_0').value = 1;              break;\t\t\t\t\t\tcase 0:              document.getElementById('page_number_0').value = x;              break;            default:              document.getElementById('page_number_0').value = 1;          }          bwg_ajax('gal_front_form_0', '0', 'bwg_thumbnails_mosaic_0', '0', '', 'gallery', 0, '', '', load_more, '', 1);        }                    jQuery('.first-page-0').on('click', function () {              spider_page_0(this, 1, -2, 'numeric');              return false;            });            jQuery('.prev-page-0').on('click', function () {              spider_page_0(this, 1, -1, 'numeric');              return false;            });            jQuery('.next-page-0').on('click', function () {              spider_page_0(this, 1, 1, 'numeric');              return false;            });            jQuery('.last-page-0').on('click', function () {              spider_page_0(this, 1, 2, 'numeric');              return false;            });        \t\t\t\t\/* Change page on input enter. *\/        function bwg_change_page_0( e, that ) {          if (  e.key == 'Enter' ) {            var to_page = parseInt(jQuery(that).val());            var pages_count = jQuery(that).parents(\".pagination-links\").data(\"pages-count\");            var current_url_param = jQuery(that).attr('data-url-info');            if (to_page > pages_count) {              to_page = 1;            }\t \t\t\t\t\t\t\t\t\t\t\t\tspider_page_0(this, to_page, 0, 'numeric');\t\t\t\t\t\t\treturn false;\t\t\t\t\t\t          }          return true;        }        jQuery('.bwg_load_btn_0').on('click', function () {            spider_page_0(this, 1, 1, true);            return false;        });      <\/script>      <\/span>                <\/div>        <\/form>        <style>          #bwg_container1_0 #bwg_container2_0 #spider_popup_overlay_0 {          background-color: #000000;          opacity: 0.70;          }          <\/style>        <div id=\"bwg_spider_popup_loading_0\" class=\"bwg_spider_popup_loading\"><\/div>        <div id=\"spider_popup_overlay_0\" class=\"spider_popup_overlay\" onclick=\"spider_destroypopup(1000)\"><\/div>        <input type=\"hidden\" id=\"bwg_random_seed_0\" value=\"752586061\">                <\/div>    <\/div>    <script>      if (document.readyState === 'complete') {        if( typeof bwg_main_ready == 'function' ) {          if ( jQuery(\"#bwg_container1_0\").height() ) {            bwg_main_ready(jQuery(\"#bwg_container1_0\"));          }        }      } else {        document.addEventListener('DOMContentLoaded', function() {          if( typeof bwg_main_ready == 'function' ) {            if ( jQuery(\"#bwg_container1_0\").height() ) {             bwg_main_ready(jQuery(\"#bwg_container1_0\"));            }          }        });      }    <\/script>    \n<p>&nbsp;<\/p>\n<p>&nbsp;<\/p>\n<p>&nbsp;<\/p>\n<p>&nbsp;<\/p>\n<p>&nbsp;<\/p>\n<p>&nbsp;<\/p>\n<p>&nbsp;<\/p>\n<p>&nbsp;<\/p>\n<p>&nbsp;<\/p>\n","protected":false},"excerpt":{"rendered":"<p>\ud83c\udfe1Ubicadas en San Jer\u00f3nimo de San Pedro en P\u00e9rez Zeled\u00f3n a 45 minutos del centro de San Isidro del General. Nuestro pueblo es el \u00faltimo para empezar el ascenso al Parque Nacional Chirrip\u00f3 a trav\u00e9s de la ruta Sabana Los Leones \u26f0\ufe0f. \ud83c\udfe1Son unidades con capacidad para 2, 4 y hasta 7 personas. Adem\u00e1s, cuentan [&hellip;]<\/p>\n","protected":false},"author":2,"featured_media":784,"parent":0,"menu_order":0,"comment_status":"closed","ping_status":"closed","template":"","meta":{"two_page_speed":[],"footnotes":""},"class_list":["post-471","page","type-page","status-publish","has-post-thumbnail","hentry"],"_links":{"self":[{"href":"https:\/\/aturena.com\/index.php\/wp-json\/wp\/v2\/pages\/471","targetHints":{"allow":["GET"]}}],"collection":[{"href":"https:\/\/aturena.com\/index.php\/wp-json\/wp\/v2\/pages"}],"about":[{"href":"https:\/\/aturena.com\/index.php\/wp-json\/wp\/v2\/types\/page"}],"author":[{"embeddable":true,"href":"https:\/\/aturena.com\/index.php\/wp-json\/wp\/v2\/users\/2"}],"replies":[{"embeddable":true,"href":"https:\/\/aturena.com\/index.php\/wp-json\/wp\/v2\/comments?post=471"}],"version-history":[{"count":7,"href":"https:\/\/aturena.com\/index.php\/wp-json\/wp\/v2\/pages\/471\/revisions"}],"predecessor-version":[{"id":534,"href":"https:\/\/aturena.com\/index.php\/wp-json\/wp\/v2\/pages\/471\/revisions\/534"}],"wp:featuredmedia":[{"embeddable":true,"href":"https:\/\/aturena.com\/index.php\/wp-json\/wp\/v2\/media\/784"}],"wp:attachment":[{"href":"https:\/\/aturena.com\/index.php\/wp-json\/wp\/v2\/media?parent=471"}],"curies":[{"name":"wp","href":"https:\/\/api.w.org\/{rel}","templated":true}]}}