{"id":452,"date":"2024-02-14T01:02:42","date_gmt":"2024-02-14T01:02:42","guid":{"rendered":"https:\/\/aturena.com\/?page_id=452"},"modified":"2024-05-21T21:29:28","modified_gmt":"2024-05-21T21:29:28","slug":"comercios","status":"publish","type":"page","link":"https:\/\/aturena.com\/index.php\/comercios\/","title":{"rendered":"Tours en San Jer\u00f3nimo"},"content":{"rendered":"<p>San Jer\u00f3nimo es un pueblo situado aproximadamente a una hora de viaje desde San Isidro del General, desde el 2016 se abri\u00f3 la puerta a una ruta m\u00e1s a la cima del pa\u00eds, el cerro Chirrip\u00f3 por el sector San Jer\u00f3nimo-Sabana de Los Leones, cuyas faldas esconden monta\u00f1as que albergan una mina de tesoros naturales que se han ido descubriendo poco a poco por los propietarios de las fincas que actualmente le han dado forma a un producto y servicio tur\u00edstico de turismo rural y de aventura aut\u00e9ntico y diferenciado.<\/p>\n<p>La mayor\u00eda de estos sitios naturales que actualmente ofrecen experiencias de turismo de aventura y rural comunitario empezaron gracias al inter\u00e9s que despiertan los visitantes luego de su visita para escalar cerro Ena y cerro Chirrip\u00f3, esto gracias a la belleza visual que posee la zona, el clima, la vegetaci\u00f3n y la flora y fauna presente en el lugar convirti\u00e9ndola en una regi\u00f3n naturalmente \u00fanica donde se puede encontrar desde cerros aptos para entrenar si su objetivo es subir al Chirrip\u00f3 o al Cerro Ena as\u00ed c\u00f3mo,<span style=\"font-size: 1rem;\"> senderos, r\u00edos, cataratas, \u00e1reas de camping, tours de caf\u00e9 y rappel y trucheros al pie de las monta\u00f1as accesibles para compartir momentos en familia y con amigos lejos de la ciudad y en conexi\u00f3n con la naturaleza y la calma del campo<\/span>.<\/p>\n<p><em><strong>\u00a1Atr\u00e9vase a vivir la autenticidad de la Entrada al Para\u00edso!<\/strong><\/em><\/p>\n","protected":false},"excerpt":{"rendered":"<p>San Jer\u00f3nimo es un pueblo situado aproximadamente a una hora de viaje desde San Isidro del General, desde el 2016 se abri\u00f3 la puerta a una ruta m\u00e1s a la cima del pa\u00eds, el cerro Chirrip\u00f3 por el sector San Jer\u00f3nimo-Sabana de Los Leones, cuyas faldas esconden monta\u00f1as que albergan una mina de tesoros naturales [&hellip;]<\/p>\n","protected":false},"author":1,"featured_media":798,"parent":0,"menu_order":0,"comment_status":"closed","ping_status":"closed","template":"","meta":{"two_page_speed":[],"footnotes":""},"class_list":["post-452","page","type-page","status-publish","has-post-thumbnail","hentry"],"_links":{"self":[{"href":"https:\/\/aturena.com\/index.php\/wp-json\/wp\/v2\/pages\/452","targetHints":{"allow":["GET"]}}],"collection":[{"href":"https:\/\/aturena.com\/index.php\/wp-json\/wp\/v2\/pages"}],"about":[{"href":"https:\/\/aturena.com\/index.php\/wp-json\/wp\/v2\/types\/page"}],"author":[{"embeddable":true,"href":"https:\/\/aturena.com\/index.php\/wp-json\/wp\/v2\/users\/1"}],"replies":[{"embeddable":true,"href":"https:\/\/aturena.com\/index.php\/wp-json\/wp\/v2\/comments?post=452"}],"version-history":[{"count":7,"href":"https:\/\/aturena.com\/index.php\/wp-json\/wp\/v2\/pages\/452\/revisions"}],"predecessor-version":[{"id":797,"href":"https:\/\/aturena.com\/index.php\/wp-json\/wp\/v2\/pages\/452\/revisions\/797"}],"wp:featuredmedia":[{"embeddable":true,"href":"https:\/\/aturena.com\/index.php\/wp-json\/wp\/v2\/media\/798"}],"wp:attachment":[{"href":"https:\/\/aturena.com\/index.php\/wp-json\/wp\/v2\/media?parent=452"}],"curies":[{"name":"wp","href":"https:\/\/api.w.org\/{rel}","templated":true}]}}