{"id":196,"date":"2024-02-05T20:18:56","date_gmt":"2024-02-05T20:18:56","guid":{"rendered":"https:\/\/aturena.com\/?page_id=196"},"modified":"2024-02-14T17:27:42","modified_gmt":"2024-02-14T17:27:42","slug":"agro-san-miguel","status":"publish","type":"page","link":"https:\/\/aturena.com\/index.php\/agro-san-miguel\/","title":{"rendered":"Agro San Miguel Adventures"},"content":{"rendered":"<p><strong>Agro San Miguel adventures<\/strong> est\u00e1 ubicado en Zapotal de San Pedro, P\u00e9rez Zeled\u00f3n a 600 metros del cruce de San Jer\u00f3nimo<br \/>\nUna empresa familiar dedicada al turismo rural y de aventura, es un sitio apto para quienes desean un tour m\u00e1s completo con actividades como camping, senderismo, rappel y observaci\u00f3n de flora y fauna propia del lugar. \ud83c\udfd5\ufe0f\ud83c\udf04\ud83e\udd8b\ud83d\udc1d\ud83d\udc1e\ud83c\udf43<\/p>\n<p><span class=\"fe5nidar khvhiq1o r5qsrrlp i5tg98hk f9ovudaz przvwfww gx1rr48f gfz4du6o r7fjleex nz2484kf svot0ezm dcnh1tix sxl192xd t3g6t33p\"><span class=\"mpj7bzys xzlurrtv\">\u2705Cerro Chumacera a 2550 msnm, se empieza a los 1 100 msnm, con vistas a Cerro Buena Vista, Crestones, Golfo Dulce y cerros de Panam\u00e1. <\/span><\/span><span class=\"fe5nidar khvhiq1o r5qsrrlp i5tg98hk f9ovudaz przvwfww gx1rr48f gfz4du6o r7fjleex nz2484kf svot0ezm dcnh1tix sxl192xd t3g6t33p\"><span class=\"mpj7bzys xzlurrtv\">\u26f0\ufe0f<\/span><\/span><\/p>\n<p><span class=\"fe5nidar khvhiq1o r5qsrrlp i5tg98hk f9ovudaz przvwfww gx1rr48f gfz4du6o r7fjleex nz2484kf svot0ezm dcnh1tix sxl192xd t3g6t33p\"><span class=\"mpj7bzys xzlurrtv\">\u2705<\/span><\/span>Amaneceres espectaculares. <span class=\"fe5nidar khvhiq1o r5qsrrlp i5tg98hk f9ovudaz przvwfww gx1rr48f gfz4du6o r7fjleex nz2484kf svot0ezm dcnh1tix sxl192xd t3g6t33p\"><span class=\"mpj7bzys xzlurrtv\">\ud83c\udf04<\/span><\/span><\/p>\n<p><span class=\"fe5nidar khvhiq1o r5qsrrlp i5tg98hk f9ovudaz przvwfww gx1rr48f gfz4du6o r7fjleex nz2484kf svot0ezm dcnh1tix sxl192xd t3g6t33p\"><span class=\"mpj7bzys xzlurrtv\">\u2705Caba\u00f1as y \u00e1reas para camping. \ud83c\udfd5\ufe0f<\/span><\/span><\/p>\n<p>&nbsp;<\/p>\n<p><em><strong>RESERVAS:\u00a0<\/strong><\/em><span class=\"fe5nidar khvhiq1o r5qsrrlp i5tg98hk f9ovudaz przvwfww gx1rr48f gfz4du6o r7fjleex nz2484kf svot0ezm dcnh1tix sxl192xd t3g6t33p\"><span class=\"mpj7bzys xzlurrtv\">\ud83d\udcde<\/span><\/span><strong>8374-3443\u00a0<\/strong>Aturena<\/p>\n<style id=\"bwg-style-0\">    #bwg_container1_0 #bwg_container2_0 .bwg-container-0.bwg-standard-thumbnails {      width: 1254px;              justify-content: center;        margin:0 auto !important;              background-color: rgba(255, 255, 255, 0.00);            padding-left: 4px;      padding-top: 4px;      max-width: 100%;            }        #bwg_container1_0 #bwg_container2_0 .bwg-container-0.bwg-standard-thumbnails .bwg-item {    justify-content: flex-start;      max-width: 250px;          }    #bwg_container1_0 #bwg_container2_0 .bwg-container-0.bwg-standard-thumbnails .bwg-item a {       margin-right: 4px;       margin-bottom: 4px;    }    #bwg_container1_0 #bwg_container2_0 .bwg-container-0.bwg-standard-thumbnails .bwg-item0 {      padding: 0px;            background-color:rgba(0,0,0, 0.30);      border: 5px none #FFFFFF;      opacity: 1.00;      border-radius: 0;      box-shadow: ;    }    #bwg_container1_0 #bwg_container2_0 .bwg-container-0.bwg-standard-thumbnails .bwg-item1 img {      max-height: none;      max-width: none;      padding: 0 !important;    }         @media only screen and (min-width: 480px) {\t\t#bwg_container1_0 #bwg_container2_0 .bwg-container-0.bwg-standard-thumbnails .bwg-item1 img {\t\t\t-webkit-transition: all .3s; transition: all .3s;\t\t}\t\t#bwg_container1_0 #bwg_container2_0 .bwg-container-0.bwg-standard-thumbnails .bwg-item1 img:hover {\t\t\t-ms-transform: scale(1.08);\t\t\t-webkit-transform: scale(1.08);\t\t\ttransform: scale(1.08);\t\t}\t\t\t\t.bwg-standard-thumbnails .bwg-zoom-effect .bwg-zoom-effect-overlay {\t\t\t\t\t\tbackground-color:rgba(0,0,0, 0.3);\t\t}\t\t.bwg-standard-thumbnails .bwg-zoom-effect:hover img {\t\t\t-ms-transform: scale(1.08);\t\t\t-webkit-transform: scale(1.08);\t\t\ttransform: scale(1.08);\t\t}\t\t      }\t    #bwg_container1_0 #bwg_container2_0 .bwg-container-0.bwg-standard-thumbnails .bwg-item1 {      padding-top: 56%;    }        #bwg_container1_0 #bwg_container2_0 .bwg-container-0.bwg-standard-thumbnails .bwg-title1 {      position: absolute;      top: 0;      z-index: 100;      width: 100%;      height: 100%;      display: flex;      justify-content: center;      align-content: center;      flex-direction: column;      opacity: 0;    }\t      #bwg_container1_0 #bwg_container2_0 .bwg-container-0.bwg-standard-thumbnails .bwg-title2,    #bwg_container1_0 #bwg_container2_0 .bwg-container-0.bwg-standard-thumbnails .bwg-ecommerce2 {      color: #FFFFFF;      font-family: Ubuntu;      font-size: 16px;      font-weight: bold;      padding: 5px;      text-shadow: ;      max-height: 100%;    }    #bwg_container1_0 #bwg_container2_0 .bwg-container-0.bwg-standard-thumbnails .bwg-thumb-description span {    color: #323A45;    font-family: Ubuntu;    font-size: 12px;    max-height: 100%;    word-wrap: break-word;    }    #bwg_container1_0 #bwg_container2_0 .bwg-container-0.bwg-standard-thumbnails .bwg-play-icon2 {      font-size: 32px;    }    #bwg_container1_0 #bwg_container2_0 .bwg-container-0.bwg-standard-thumbnails .bwg-ecommerce2 {      font-size: 19.2px;      color: #323A45;    }    <\/style>    <div id=\"bwg_container1_0\"         class=\"bwg_container bwg_thumbnail bwg_thumbnails \"         data-right-click-protection=\"0\"         data-bwg=\"0\"         data-scroll=\"0\"         data-gallery-type=\"thumbnails\"         data-gallery-view-type=\"thumbnails\"         data-current-url=\"\/index.php\/wp-json\/wp\/v2\/pages\/196\"         data-lightbox-url=\"https:\/\/aturena.com\/wp-admin\/admin-ajax.php?action=GalleryBox&#038;current_view=0&#038;gallery_id=9&#038;tag=0&#038;theme_id=2&#038;shortcode_id=27&#038;sort_by=order&#038;order_by=asc&#038;current_url=%2Findex.php%2Fwp-json%2Fwp%2Fv2%2Fpages%2F196\"         data-gallery-id=\"9\"         data-popup-width=\"800\"         data-popup-height=\"500\"         data-is-album=\"gallery\"         data-buttons-position=\"bottom\">      <div id=\"bwg_container2_0\">             <div id=\"ajax_loading_0\" class=\"bwg_loading_div_1\">      <div class=\"bwg_loading_div_2\">        <div class=\"bwg_loading_div_3\">          <div id=\"loading_div_0\" class=\"bwg_spider_ajax_loading\">          <\/div>        <\/div>      <\/div>    <\/div>            <form id=\"gal_front_form_0\"              class=\"bwg-hidden\"              method=\"post\"              action=\"#\"              data-current=\"0\"              data-shortcode-id=\"27\"              data-gallery-type=\"thumbnails\"              data-gallery-id=\"9\"              data-tag=\"0\"              data-album-id=\"0\"              data-theme-id=\"2\"              data-ajax-url=\"https:\/\/aturena.com\/wp-admin\/admin-ajax.php?action=bwg_frontend_data\">          <div id=\"bwg_container3_0\" class=\"bwg-background bwg-background-0\">                <div data-max-count=\"5\"         data-thumbnail-width=\"250\"         data-bwg=\"0\"         data-gallery-id=\"9\"         data-lightbox-url=\"https:\/\/aturena.com\/wp-admin\/admin-ajax.php?action=GalleryBox&amp;current_view=0&amp;gallery_id=9&amp;tag=0&amp;theme_id=2&amp;shortcode_id=27&amp;sort_by=order&amp;order_by=asc&amp;current_url=%2Findex.php%2Fwp-json%2Fwp%2Fv2%2Fpages%2F196\"         id=\"bwg_thumbnails_0\"         class=\"bwg-container-0 bwg-thumbnails bwg-standard-thumbnails bwg-container bwg-border-box\">            <div class=\"bwg-item\">        <a class=\"bwg-a  bwg_lightbox\"  data-image-id=\"75\" href=\"https:\/\/aturena.com\/wp-content\/uploads\/photo-gallery\/WhatsApp-Image-2024-02-13-at-10.59.13-AM.jpeg?bwg=1707844564\" data-elementor-open-lightbox=\"no\">                <div class=\"bwg-item0 \">          <div class=\"bwg-item1 bwg-zoom-effect\">            <div class=\"bwg-item2\">              <img decoding=\"async\" class=\"skip-lazy bwg_standart_thumb_img_0 \"                   data-id=\"75\"                   data-width=\"500.00\"                   data-height=\"327.00\"                   data-src=\"https:\/\/aturena.com\/wp-content\/uploads\/photo-gallery\/thumb\/WhatsApp-Image-2024-02-13-at-10.59.13-AM.jpeg?bwg=1707844564\"                   src=\"https:\/\/aturena.com\/wp-content\/uploads\/photo-gallery\/thumb\/WhatsApp-Image-2024-02-13-at-10.59.13-AM.jpeg?bwg=1707844564\"                   alt=\"WhatsApp-Image-2024-02-13-at-10.59.13-AM\"                   title=\"WhatsApp-Image-2024-02-13-at-10.59.13-AM\" \/>            <\/div>            <div class=\"bwg-zoom-effect-overlay\">              <div class=\"bwg-title1\"><div class=\"bwg-title2\">WhatsApp-Image-2024-02-13-at-10.59.13-AM<\/div><\/div>                                        <\/div>          <\/div>        <\/div>                        <\/a>              <\/div>            <div class=\"bwg-item\">        <a class=\"bwg-a  bwg_lightbox\"  data-image-id=\"74\" href=\"https:\/\/aturena.com\/wp-content\/uploads\/photo-gallery\/WhatsApp-Image-2024-02-13-at-10.58.22-AM.jpeg?bwg=1707844522\" data-elementor-open-lightbox=\"no\">                <div class=\"bwg-item0 \">          <div class=\"bwg-item1 bwg-zoom-effect\">            <div class=\"bwg-item2\">              <img decoding=\"async\" class=\"skip-lazy bwg_standart_thumb_img_0 \"                   data-id=\"74\"                   data-width=\"500.00\"                   data-height=\"329.00\"                   data-src=\"https:\/\/aturena.com\/wp-content\/uploads\/photo-gallery\/thumb\/WhatsApp-Image-2024-02-13-at-10.58.22-AM.jpeg?bwg=1707844522\"                   src=\"https:\/\/aturena.com\/wp-content\/uploads\/photo-gallery\/thumb\/WhatsApp-Image-2024-02-13-at-10.58.22-AM.jpeg?bwg=1707844522\"                   alt=\"WhatsApp-Image-2024-02-13-at-10.58.22-AM\"                   title=\"WhatsApp-Image-2024-02-13-at-10.58.22-AM\" \/>            <\/div>            <div class=\"bwg-zoom-effect-overlay\">              <div class=\"bwg-title1\"><div class=\"bwg-title2\">WhatsApp-Image-2024-02-13-at-10.58.22-AM<\/div><\/div>                                        <\/div>          <\/div>        <\/div>                        <\/a>              <\/div>            <div class=\"bwg-item\">        <a class=\"bwg-a  bwg_lightbox\"  data-image-id=\"73\" href=\"https:\/\/aturena.com\/wp-content\/uploads\/photo-gallery\/WhatsApp-Image-2024-02-13-at-10.59.01-AM.jpeg?bwg=1707844516\" data-elementor-open-lightbox=\"no\">                <div class=\"bwg-item0 \">          <div class=\"bwg-item1 bwg-zoom-effect\">            <div class=\"bwg-item2\">              <img decoding=\"async\" class=\"skip-lazy bwg_standart_thumb_img_0 \"                   data-id=\"73\"                   data-width=\"500.00\"                   data-height=\"325.00\"                   data-src=\"https:\/\/aturena.com\/wp-content\/uploads\/photo-gallery\/thumb\/WhatsApp-Image-2024-02-13-at-10.59.01-AM.jpeg?bwg=1707844516\"                   src=\"https:\/\/aturena.com\/wp-content\/uploads\/photo-gallery\/thumb\/WhatsApp-Image-2024-02-13-at-10.59.01-AM.jpeg?bwg=1707844516\"                   alt=\"WhatsApp-Image-2024-02-13-at-10.59.01-AM\"                   title=\"WhatsApp-Image-2024-02-13-at-10.59.01-AM\" \/>            <\/div>            <div class=\"bwg-zoom-effect-overlay\">              <div class=\"bwg-title1\"><div class=\"bwg-title2\">WhatsApp-Image-2024-02-13-at-10.59.01-AM<\/div><\/div>                                        <\/div>          <\/div>        <\/div>                        <\/a>              <\/div>            <div class=\"bwg-item\">        <a class=\"bwg-a  bwg_lightbox\"  data-image-id=\"72\" href=\"https:\/\/aturena.com\/wp-content\/uploads\/photo-gallery\/WhatsApp-Image-2024-02-13-at-11.02.22-AM.jpeg?bwg=1707844505\" data-elementor-open-lightbox=\"no\">                <div class=\"bwg-item0 \">          <div class=\"bwg-item1 bwg-zoom-effect\">            <div class=\"bwg-item2\">              <img decoding=\"async\" class=\"skip-lazy bwg_standart_thumb_img_0 \"                   data-id=\"72\"                   data-width=\"500.00\"                   data-height=\"496.00\"                   data-src=\"https:\/\/aturena.com\/wp-content\/uploads\/photo-gallery\/thumb\/WhatsApp-Image-2024-02-13-at-11.02.22-AM.jpeg?bwg=1707844505\"                   src=\"https:\/\/aturena.com\/wp-content\/uploads\/photo-gallery\/thumb\/WhatsApp-Image-2024-02-13-at-11.02.22-AM.jpeg?bwg=1707844505\"                   alt=\"WhatsApp-Image-2024-02-13-at-11.02.22-AM\"                   title=\"WhatsApp-Image-2024-02-13-at-11.02.22-AM\" \/>            <\/div>            <div class=\"bwg-zoom-effect-overlay\">              <div class=\"bwg-title1\"><div class=\"bwg-title2\">WhatsApp-Image-2024-02-13-at-11.02.22-AM<\/div><\/div>                                        <\/div>          <\/div>        <\/div>                        <\/a>              <\/div>            <div class=\"bwg-item\">        <a class=\"bwg-a  bwg_lightbox\"  data-image-id=\"71\" href=\"https:\/\/aturena.com\/wp-content\/uploads\/photo-gallery\/WhatsApp-Image-2024-02-13-at-10.59.51-AM.jpeg?bwg=1707844499\" data-elementor-open-lightbox=\"no\">                <div class=\"bwg-item0 \">          <div class=\"bwg-item1 bwg-zoom-effect\">            <div class=\"bwg-item2\">              <img decoding=\"async\" class=\"skip-lazy bwg_standart_thumb_img_0 \"                   data-id=\"71\"                   data-width=\"500.00\"                   data-height=\"257.00\"                   data-src=\"https:\/\/aturena.com\/wp-content\/uploads\/photo-gallery\/thumb\/WhatsApp-Image-2024-02-13-at-10.59.51-AM.jpeg?bwg=1707844499\"                   src=\"https:\/\/aturena.com\/wp-content\/uploads\/photo-gallery\/thumb\/WhatsApp-Image-2024-02-13-at-10.59.51-AM.jpeg?bwg=1707844499\"                   alt=\"WhatsApp-Image-2024-02-13-at-10.59.51-AM\"                   title=\"WhatsApp-Image-2024-02-13-at-10.59.51-AM\" \/>            <\/div>            <div class=\"bwg-zoom-effect-overlay\">              <div class=\"bwg-title1\"><div class=\"bwg-title2\">WhatsApp-Image-2024-02-13-at-10.59.51-AM<\/div><\/div>                                        <\/div>          <\/div>        <\/div>                        <\/a>              <\/div>            <div class=\"bwg-item\">        <a class=\"bwg-a  bwg_lightbox\"  data-image-id=\"70\" href=\"https:\/\/aturena.com\/wp-content\/uploads\/photo-gallery\/WhatsApp-Image-2024-02-13-at-10.58.40-AM.jpeg?bwg=1707844491\" data-elementor-open-lightbox=\"no\">                <div class=\"bwg-item0 \">          <div class=\"bwg-item1 bwg-zoom-effect\">            <div class=\"bwg-item2\">              <img decoding=\"async\" class=\"skip-lazy bwg_standart_thumb_img_0 \"                   data-id=\"70\"                   data-width=\"500.00\"                   data-height=\"326.00\"                   data-src=\"https:\/\/aturena.com\/wp-content\/uploads\/photo-gallery\/thumb\/WhatsApp-Image-2024-02-13-at-10.58.40-AM.jpeg?bwg=1707844491\"                   src=\"https:\/\/aturena.com\/wp-content\/uploads\/photo-gallery\/thumb\/WhatsApp-Image-2024-02-13-at-10.58.40-AM.jpeg?bwg=1707844491\"                   alt=\"WhatsApp-Image-2024-02-13-at-10.58.40-AM\"                   title=\"WhatsApp-Image-2024-02-13-at-10.58.40-AM\" \/>            <\/div>            <div class=\"bwg-zoom-effect-overlay\">              <div class=\"bwg-title1\"><div class=\"bwg-title2\">WhatsApp-Image-2024-02-13-at-10.58.40-AM<\/div><\/div>                                        <\/div>          <\/div>        <\/div>                        <\/a>              <\/div>            <div class=\"bwg-item\">        <a class=\"bwg-a  bwg_lightbox\"  data-image-id=\"69\" href=\"https:\/\/aturena.com\/wp-content\/uploads\/photo-gallery\/WhatsApp-Image-2024-02-13-at-11.00.13-AM.jpeg?bwg=1707844487\" data-elementor-open-lightbox=\"no\">                <div class=\"bwg-item0 \">          <div class=\"bwg-item1 bwg-zoom-effect\">            <div class=\"bwg-item2\">              <img decoding=\"async\" class=\"skip-lazy bwg_standart_thumb_img_0 \"                   data-id=\"69\"                   data-width=\"500.00\"                   data-height=\"497.00\"                   data-src=\"https:\/\/aturena.com\/wp-content\/uploads\/photo-gallery\/thumb\/WhatsApp-Image-2024-02-13-at-11.00.13-AM.jpeg?bwg=1707844487\"                   src=\"https:\/\/aturena.com\/wp-content\/uploads\/photo-gallery\/thumb\/WhatsApp-Image-2024-02-13-at-11.00.13-AM.jpeg?bwg=1707844487\"                   alt=\"WhatsApp-Image-2024-02-13-at-11.00.13-AM\"                   title=\"WhatsApp-Image-2024-02-13-at-11.00.13-AM\" \/>            <\/div>            <div class=\"bwg-zoom-effect-overlay\">              <div class=\"bwg-title1\"><div class=\"bwg-title2\">WhatsApp-Image-2024-02-13-at-11.00.13-AM<\/div><\/div>                                        <\/div>          <\/div>        <\/div>                        <\/a>              <\/div>            <div class=\"bwg-item\">        <a class=\"bwg-a  bwg_lightbox\"  data-image-id=\"68\" href=\"https:\/\/aturena.com\/wp-content\/uploads\/photo-gallery\/WhatsApp-Image-2024-02-13-at-11.00.25-AM.jpeg?bwg=1707844458\" data-elementor-open-lightbox=\"no\">                <div class=\"bwg-item0 \">          <div class=\"bwg-item1 bwg-zoom-effect\">            <div class=\"bwg-item2\">              <img decoding=\"async\" class=\"skip-lazy bwg_standart_thumb_img_0 \"                   data-id=\"68\"                   data-width=\"500.00\"                   data-height=\"496.00\"                   data-src=\"https:\/\/aturena.com\/wp-content\/uploads\/photo-gallery\/thumb\/WhatsApp-Image-2024-02-13-at-11.00.25-AM.jpeg?bwg=1707844458\"                   src=\"https:\/\/aturena.com\/wp-content\/uploads\/photo-gallery\/thumb\/WhatsApp-Image-2024-02-13-at-11.00.25-AM.jpeg?bwg=1707844458\"                   alt=\"WhatsApp-Image-2024-02-13-at-11.00.25-AM\"                   title=\"WhatsApp-Image-2024-02-13-at-11.00.25-AM\" \/>            <\/div>            <div class=\"bwg-zoom-effect-overlay\">              <div class=\"bwg-title1\"><div class=\"bwg-title2\">WhatsApp-Image-2024-02-13-at-11.00.25-AM<\/div><\/div>                                        <\/div>          <\/div>        <\/div>                        <\/a>              <\/div>          <\/div>    <style>      \/*pagination styles*\/      #bwg_container1_0 #bwg_container2_0 .tablenav-pages_0 {\t\t\t\ttext-align: center;\t\t\t\tfont-size: 12px;\t\t\t\tfont-family: Ubuntu;\t\t\t\tfont-weight: bold;\t\t\t\tcolor: #666666;\t\t\t\tmargin: 6px 0 4px;\t\t\t\tdisplay: block;      }      @media only screen and (max-width : 320px) {      #bwg_container1_0 #bwg_container2_0 .displaying-num_0 {     \t display: none;      }      }      #bwg_container1_0 #bwg_container2_0 .displaying-num_0 {\t\t\t\tfont-size: 12px;\t\t\t\tfont-family: Ubuntu;\t\t\t\tfont-weight: bold;\t\t\t\tcolor: #666666;\t\t\t\tmargin-right: 10px;\t\t\t\tvertical-align: middle;      }      #bwg_container1_0 #bwg_container2_0 .paging-input_0 {\t\t\t\tfont-size: 12px;\t\t\t\tfont-family: Ubuntu;\t\t\t\tfont-weight: bold;\t\t\t\tcolor: #666666;\t\t\t\tvertical-align: middle;      }      #bwg_container1_0 #bwg_container2_0 .tablenav-pages_0 a.disabled,      #bwg_container1_0 #bwg_container2_0 .tablenav-pages_0 a.disabled:hover,      #bwg_container1_0 #bwg_container2_0 .tablenav-pages_0 a.disabled:focus,\t\t\t#bwg_container1_0 #bwg_container2_0 .tablenav-pages_0 input.bwg_current_page {\t\t\t\tcursor: default;\t\t\t\tcolor: rgba(102, 102, 102, 0.5);      }      #bwg_container1_0 #bwg_container2_0 .tablenav-pages_0 a,      #bwg_container1_0 #bwg_container2_0 .tablenav-pages_0 input.bwg_current_page {\t\t\t\tcursor: pointer;\t\t\t\ttext-align: center;\t\t\t\tfont-size: 12px;\t\t\t\tfont-family: Ubuntu;\t\t\t\tfont-weight: bold;\t\t\t\tcolor: #666666;\t\t\t\ttext-decoration: none;\t\t\t\tpadding: 3px 6px;\t\t\t\tmargin: 0;\t\t\t\tborder-radius: 0;\t\t\t\tborder-style: none;\t\t\t\tborder-width: 1px;\t\t\t\tborder-color: #E3E3E3;\t\t\t\t\t\t\t\tbackground-color: rgba(252, 252, 252, 1.00);\t\t\t\tbox-shadow: 0;\t\t\t\ttransition: all 0.3s ease 0s;-webkit-transition: all 0.3s ease 0s;      }      <\/style>      <span class=\"bwg_nav_cont_0\">              <div class=\"tablenav-pages_0\">                  <\/div>                <input type=\"hidden\" id=\"page_number_0\" name=\"page_number_0\" value=\"1\" \/>      <script type=\"text\/javascript\">        if( jQuery('.bwg_nav_cont_0').length > 1 ) {          jQuery('.bwg_nav_cont_0').first().remove()        }        function spider_page_0(cur, x, y, load_more) {          if (typeof load_more == \"undefined\") {            var load_more = false;          }          if (jQuery(cur).hasClass('disabled')) {            return false;          }          var items_county_0 = 1;          switch (y) {            case 1:              if (x >= items_county_0) {                document.getElementById('page_number_0').value = items_county_0;              }              else {                document.getElementById('page_number_0').value = x + 1;              }              break;            case 2:              document.getElementById('page_number_0').value = items_county_0;              break;            case -1:              if (x == 1) {                document.getElementById('page_number_0').value = 1;              }              else {                document.getElementById('page_number_0').value = x - 1;              }              break;            case -2:              document.getElementById('page_number_0').value = 1;              break;\t\t\t\t\t\tcase 0:              document.getElementById('page_number_0').value = x;              break;            default:              document.getElementById('page_number_0').value = 1;          }          bwg_ajax('gal_front_form_0', '0', 'bwg_thumbnails_0', '0', '', 'gallery', 0, '', '', load_more, '', 1);        }                    jQuery('.first-page-0').on('click', function () {              spider_page_0(this, 1, -2, 'numeric');              return false;            });            jQuery('.prev-page-0').on('click', function () {              spider_page_0(this, 1, -1, 'numeric');              return false;            });            jQuery('.next-page-0').on('click', function () {              spider_page_0(this, 1, 1, 'numeric');              return false;            });            jQuery('.last-page-0').on('click', function () {              spider_page_0(this, 1, 2, 'numeric');              return false;            });        \t\t\t\t\/* Change page on input enter. *\/        function bwg_change_page_0( e, that ) {          if (  e.key == 'Enter' ) {            var to_page = parseInt(jQuery(that).val());            var pages_count = jQuery(that).parents(\".pagination-links\").data(\"pages-count\");            var current_url_param = jQuery(that).attr('data-url-info');            if (to_page > pages_count) {              to_page = 1;            }\t \t\t\t\t\t\t\t\t\t\t\t\tspider_page_0(this, to_page, 0, 'numeric');\t\t\t\t\t\t\treturn false;\t\t\t\t\t\t          }          return true;        }        jQuery('.bwg_load_btn_0').on('click', function () {            spider_page_0(this, 1, 1, true);            return false;        });      <\/script>      <\/span>                <\/div>        <\/form>        <style>          #bwg_container1_0 #bwg_container2_0 #spider_popup_overlay_0 {          background-color: #000000;          opacity: 0.70;          }          <\/style>        <div id=\"bwg_spider_popup_loading_0\" class=\"bwg_spider_popup_loading\"><\/div>        <div id=\"spider_popup_overlay_0\" class=\"spider_popup_overlay\" onclick=\"spider_destroypopup(1000)\"><\/div>        <input type=\"hidden\" id=\"bwg_random_seed_0\" value=\"2088162578\">                <\/div>    <\/div>    <script>      if (document.readyState === 'complete') {        if( typeof bwg_main_ready == 'function' ) {          if ( jQuery(\"#bwg_container1_0\").height() ) {            bwg_main_ready(jQuery(\"#bwg_container1_0\"));          }        }      } else {        document.addEventListener('DOMContentLoaded', function() {          if( typeof bwg_main_ready == 'function' ) {            if ( jQuery(\"#bwg_container1_0\").height() ) {             bwg_main_ready(jQuery(\"#bwg_container1_0\"));            }          }        });      }    <\/script>    \n","protected":false},"excerpt":{"rendered":"<p>Agro San Miguel adventures est\u00e1 ubicado en Zapotal de San Pedro, P\u00e9rez Zeled\u00f3n a 600 metros del cruce de San Jer\u00f3nimo Una empresa familiar dedicada al turismo rural y de aventura, es un sitio apto para quienes desean un tour m\u00e1s completo con actividades como camping, senderismo, rappel y observaci\u00f3n de flora y fauna propia [&hellip;]<\/p>\n","protected":false},"author":1,"featured_media":0,"parent":0,"menu_order":0,"comment_status":"closed","ping_status":"closed","template":"","meta":{"two_page_speed":[],"footnotes":""},"class_list":["post-196","page","type-page","status-publish","hentry"],"_links":{"self":[{"href":"https:\/\/aturena.com\/index.php\/wp-json\/wp\/v2\/pages\/196","targetHints":{"allow":["GET"]}}],"collection":[{"href":"https:\/\/aturena.com\/index.php\/wp-json\/wp\/v2\/pages"}],"about":[{"href":"https:\/\/aturena.com\/index.php\/wp-json\/wp\/v2\/types\/page"}],"author":[{"embeddable":true,"href":"https:\/\/aturena.com\/index.php\/wp-json\/wp\/v2\/users\/1"}],"replies":[{"embeddable":true,"href":"https:\/\/aturena.com\/index.php\/wp-json\/wp\/v2\/comments?post=196"}],"version-history":[{"count":7,"href":"https:\/\/aturena.com\/index.php\/wp-json\/wp\/v2\/pages\/196\/revisions"}],"predecessor-version":[{"id":311,"href":"https:\/\/aturena.com\/index.php\/wp-json\/wp\/v2\/pages\/196\/revisions\/311"}],"wp:attachment":[{"href":"https:\/\/aturena.com\/index.php\/wp-json\/wp\/v2\/media?parent=196"}],"curies":[{"name":"wp","href":"https:\/\/api.w.org\/{rel}","templated":true}]}}