{"id":14,"date":"2024-01-18T15:04:23","date_gmt":"2024-01-18T15:04:23","guid":{"rendered":"https:\/\/aturena.com\/?page_id=14"},"modified":"2024-02-06T20:10:29","modified_gmt":"2024-02-06T20:10:29","slug":"contactenos","status":"publish","type":"page","link":"https:\/\/aturena.com\/index.php\/contactenos\/","title":{"rendered":"Cont\u00e1ctenos"},"content":{"rendered":"<p>Sitio Web \u00a0https:\/\/aturena.com\/<br \/>\nEmail:\u00a0 info@aturena.com \/ infoaturena@gmail.com<br \/>\nDirecci\u00f3n: 50 mts norte de la Escuela San Jer\u00f3nimo, San Pedro, P\u00e9rez Zeled\u00f3n.<br \/>\nTel\u00e9fono Fijo: <span class=\"fe5nidar khvhiq1o r5qsrrlp i5tg98hk f9ovudaz przvwfww gx1rr48f gfz4du6o r7fjleex nz2484kf svot0ezm dcnh1tix sxl192xd t3g6t33p\"><span class=\"mpj7bzys xzlurrtv\">\ud83d\udcde <\/span><\/span>(506) 4406-4542.<br \/>\nWhatsApp: \ud83d\udcde (506) 8374-3443.<\/p>\n","protected":false},"excerpt":{"rendered":"<p>Sitio Web \u00a0https:\/\/aturena.com\/ Email:\u00a0 info@aturena.com \/ infoaturena@gmail.com Direcci\u00f3n: 50 mts norte de la Escuela San Jer\u00f3nimo, San Pedro, P\u00e9rez Zeled\u00f3n. Tel\u00e9fono Fijo: \ud83d\udcde (506) 4406-4542. WhatsApp: \ud83d\udcde (506) 8374-3443.<\/p>\n","protected":false},"author":1,"featured_media":0,"parent":0,"menu_order":0,"comment_status":"closed","ping_status":"closed","template":"page-template\/right-template.php","meta":{"two_page_speed":[],"footnotes":""},"class_list":["post-14","page","type-page","status-publish","hentry"],"_links":{"self":[{"href":"https:\/\/aturena.com\/index.php\/wp-json\/wp\/v2\/pages\/14","targetHints":{"allow":["GET"]}}],"collection":[{"href":"https:\/\/aturena.com\/index.php\/wp-json\/wp\/v2\/pages"}],"about":[{"href":"https:\/\/aturena.com\/index.php\/wp-json\/wp\/v2\/types\/page"}],"author":[{"embeddable":true,"href":"https:\/\/aturena.com\/index.php\/wp-json\/wp\/v2\/users\/1"}],"replies":[{"embeddable":true,"href":"https:\/\/aturena.com\/index.php\/wp-json\/wp\/v2\/comments?post=14"}],"version-history":[{"count":10,"href":"https:\/\/aturena.com\/index.php\/wp-json\/wp\/v2\/pages\/14\/revisions"}],"predecessor-version":[{"id":256,"href":"https:\/\/aturena.com\/index.php\/wp-json\/wp\/v2\/pages\/14\/revisions\/256"}],"wp:attachment":[{"href":"https:\/\/aturena.com\/index.php\/wp-json\/wp\/v2\/media?parent=14"}],"curies":[{"name":"wp","href":"https:\/\/api.w.org\/{rel}","templated":true}]}}